{"id":357,"date":"2020-11-27T09:54:10","date_gmt":"2020-11-27T09:54:10","guid":{"rendered":"https:\/\/nauthemes.com\/wp\/kriate\/?page_id=357"},"modified":"2022-03-11T11:50:37","modified_gmt":"2022-03-11T08:50:37","slug":"about-us","status":"publish","type":"page","link":"https:\/\/ulubeymuhendislik.com\/?page_id=357","title":{"rendered":"Kurumsal"},"content":{"rendered":"\t\t<div data-elementor-type=\"wp-page\" data-elementor-id=\"357\" class=\"elementor elementor-357\" data-elementor-settings=\"[]\">\n\t\t\t\t\t\t\t<div class=\"elementor-section-wrap\">\n\t\t\t\t\t\t\t<section class=\"elementor-section elementor-top-section elementor-element elementor-element-fc22e1a elementor-section-full_width elementor-section-stretched elementor-section-height-default elementor-section-height-default\" data-id=\"fc22e1a\" data-element_type=\"section\" data-settings=\"{&quot;stretch_section&quot;:&quot;section-stretched&quot;}\">\n\t\t\t\t\t\t<div class=\"elementor-container elementor-column-gap-no\">\n\t\t\t\t\t<div class=\"elementor-column elementor-col-100 elementor-top-column elementor-element elementor-element-d25d9d7\" data-id=\"d25d9d7\" data-element_type=\"column\">\n\t\t\t<div class=\"elementor-widget-wrap elementor-element-populated\">\n\t\t\t\t\t\t\t\t<div class=\"elementor-element elementor-element-0c6bb64 elementor-widget elementor-widget-about_us_intro\" data-id=\"0c6bb64\" data-element_type=\"widget\" data-widget_type=\"about_us_intro.default\">\n\t\t\t\t<div class=\"elementor-widget-container\">\n\t\t\t\t\n\t<section>\n\t\t<div class=\"w-100 pt-100 pb-100 position-relative\">\n\t\t\t<div class=\"container\">\n\t\t\t\t<div class=\"about-wrap style2 w-100\">\n\t\t\t\t\t<div class=\"row align-items-center justify-content-center\">\n\t\t\t\t\t\t<div class=\"col-md-5 col-sm-12 col-lg-5 order-lg-1\">\n\t\t\t\t\t\t\t<div class=\"about-image position-relative w-100\">\n\t\t\t\t\t\t\t\t\t\t\t\t\t\t\t\t<img class=\"img-fluid w-100 brd-rd5\" src=\"https:\/\/ulubeymuhendislik.com\/wp-content\/uploads\/2022\/03\/electricity-hub-2022-02-08-04-48-54-utc-scaled.jpg\" alt=\"\">\n\t\t\t\t\t\t\t<\/div>\n\t\t\t\t\t\t<\/div>\n\t\t\t\t\t\t<div class=\"col-md-7 col-sm-12 col-lg-7\">\n\t\t\t\t\t\t\t\t\t\t\t\t\t\t\t<div class=\"about-desc w-100\">\n\t\t\t\t\t\t\t\t\t\t\t\t\t\t\t\t\t\t\t<h2 class=\"mb-0\">\n\t\t\t\t\t\t\t\t\t\t\tHakk\u0131m\u0131zda \n\t\t\t\t\t\t\t\t\t\t\t<strong class=\"thm-clr d-block\">-Ulubey M\u00fchendislik<\/strong>\n\t\t\t\t\t\t\t\t\t\t<\/h2>\n\t\t\t\t\t\t\t\t\t\t\t\t\t\t\t\t\t\t\n\t\t\t\t\t\t\t\t\t<p class=\"mb-0\"><p><strong>03.07.2020<\/strong> tarihi itibari ile elektrik taahh\u00fct sekt\u00f6r\u00fcn\u00fcn i\u00e7inden yeti\u015fen kurucularla yola \u00e7\u0131kan\u00a0<strong>Ulubey M\u00fchendislik<\/strong>, teknolojinin son noktaya getirdi\u011fi elektrik alan\u0131nda k\u00f6kl\u00fc bir firma olma yolunda ilk ad\u0131m\u0131n\u0131 atm\u0131\u015ft\u0131r.<\/p><p><strong>Ulubey M\u00fchendislik<\/strong>; elektrik altyap\u0131 ve \u00fcstyap\u0131 i\u015fleri ile zay\u0131f ak\u0131m sistemlerinin anahtar teslimi yap\u0131larak m\u00fc\u015fteriye teslim edilmesi amac\u0131yla kurulmu\u015ftur.<\/p><p>Kurulu\u015fundan bug\u00fcne kadar yurti\u00e7i ve yurtd\u0131\u015f\u0131 \u00f6nemli projelere imza atm\u0131\u015f; nitelikli ve alan\u0131nda uzman ekiplerle m\u00fc\u015fterilerine anahtar teslim hizmet vermektedir.<\/p><p><strong>Ulubey M\u00fchendislik; Kuvvetli Ak\u0131m ve Zay\u0131f Ak\u0131m Sistemlerinde<\/strong> geli\u015fen teknolojiyi yak\u0131ndan takip ederek sekt\u00f6r\u00fcnde lider markalar ile hayata ge\u00e7irdi\u011fi projelerde m\u00fc\u015fterilerine, son teknolojiyi ve \u00fcst d\u00fczey hizmet kalitesini sunmaktad\u0131r.<\/p><p>Herkesin yeni bir \u00fcr\u00fcne, hizmete, ki\u015filere veya kurumlara olan \u00f6n yarg\u0131n\u0131n fark\u0131nda olarak ba\u015flad\u0131\u011f\u0131m\u0131z i\u015f hayat\u0131m\u0131zda, yolumuza durmadan, y\u0131lmadan ve sab\u0131rla bu engelleri a\u015facak olman\u0131n bilinci ile devam etmekteyiz.<\/p><p><strong><u>Hedeflerimiz<\/u><\/strong><\/p><p><strong>Ulubey M\u00fchendislik<\/strong> ufak ad\u0131mlarla hedefine istikrarl\u0131 ve kaliteli hizmetler sunarak alan\u0131nda yer alan \u00fcst d\u00fczey firmalar aras\u0131nda yerini almay\u0131 hedeflemektedir.<\/p><p>D\u00fcnya\u2019da en bilinen, takdir edilen ve g\u00fcvenilen T\u00fcrk Elektrik Taahh\u00fct \u015eirketi olmak, Elektrik Taahh\u00fct sekt\u00f6r\u00fcnde T\u00fcrkiye\u2019de Lider, Avrupa\u2019da en iyi ilk 10 i\u00e7inde olmak<\/p><p><strong><u>Kalite Politikam\u0131z<\/u><\/strong><\/p><p>Hizmet verdi\u011fimiz sekt\u00f6rlerde, m\u00fc\u015fteri memnuniyetini sa\u011flamay\u0131, bu ama\u00e7 do\u011frultusunda ileri teknolojileri kullanmay\u0131, gerekli \u015fartlara uygunlu\u011fu sa\u011flamay\u0131, sistemimizin verimlili\u011fini ve etkinli\u011fini s\u00fcrekli iyile\u015ftirmeyi ve i\u015fi zaman\u0131nda teslim etmeyi taahh\u00fct ederiz.<\/p><p><strong><u>\u0130SG Politikam\u0131z<\/u><\/strong><\/p><p>\u0130\u015fyerinde i\u015f\u00a0kazas\u0131\u00a0ve meslek hastal\u0131klar\u0131\u00a0riskini azaltacak ve ortadan kald\u0131racak \u015fekilde risk de\u011ferlendirmesi\u00a0yaparak ergonomi\u0307k, sa\u011fl\u0131kl\u0131\u00a0ve g\u00fcvenli i\u015f ortamlar\u0131 sa\u011flayacak,<\/p><p>\u00c7al\u0131\u015fanlarda i\u015f sa\u011fl\u0131\u011f\u0131 ve g\u00fcvenli\u011fi bilincini\u00a0geli\u015ftirmek\u00a0i\u00e7in e\u011fitimler\u00a0verecek,<\/p><p>Her y\u0131l belirlenen hedeflere ula\u015f\u0131lmas\u0131 i\u00e7in gereken \u00e7al\u0131\u015fmalar yap\u0131lacak, bir\u00a0\u00f6nceki\u00a0y\u0131l\u0131n hedeflerinin ve \u00e7al\u0131\u015fmalar\u0131n\u0131n amac\u0131na ula\u015f\u0131p ula\u015fmad\u0131\u011f\u0131 g\u00f6zden ge\u00e7irilecek,<\/p><p>\u0130sg politikam\u0131z, e\u011fitim ve duyurular ile t\u00fcm personele aktar\u0131lacak, herkes taraf\u0131ndan anla\u015f\u0131lmas\u0131 ve politikaya uygun \u00e7al\u0131\u015fmas\u0131n\u0131 sa\u011flayacak, firman\u0131n internet sitesi vb. uygulamalar ile di\u011fer taraflar\u0131n (halk, kamu, alt y\u00fckleyiciler, ziyaret\u00e7ilerin) bu politikaya kolay eri\u015fimini sa\u011flayacak,<\/p><p><strong><u>\u00c7evre Politikam\u0131z<\/u><\/strong><\/p><p>Do\u011fal kaynak kullan\u0131m\u0131n\u0131 ve \u00e7evre kirlili\u011fini dikkate alarak ofis ve \u015fantiyelerimizde do\u011faya duyarl\u0131 \u00e7al\u0131\u015fmalar yapmay\u0131 taahh\u00fct ederiz.<\/p><\/p>\t\t\t\t\t\t\t\t<\/div>\n\t\t\t\t\t\t\t\t\t\t\t\t\t\t<div class=\"serv-wrap w-100\">\n\t\t\t\t\t\t\t\t<div class=\"row\">\n\t\t\t\t\t\t\t\t\t\t\t\t\t\t\t\t\t\t\t\t\n\t\t\t\t\t\t\t\t\t\t<div class=\"col-md-12 col-sm-6 col-lg-6\">\n\t\t\t\t\t\t\t\t\t\t\t<div class=\"serv-box w-100\">\n\t\t\t\t\t\t\t\t\t\t\t\t\t\t\t\t\t\t\t\t\t\t\t\t<div class=\"serv-box-inner\">\n\t\t\t\t\t\t\t\t\t\t\t\t\t<h3 class=\"mb-0\"><a href=\"https:\/\/ulubeymuhendislik.com\/?services=1558-2\" title=\"\"><\/a><\/h3>\n\t\t\t\t\t\t\t\t\t\t\t\t\t<p class=\"mb-0\">&nbsp; &nbsp;...<\/p>\n\t\t\t\t\t\t\t\t\t\t\t\t<\/div>\n\t\t\t\t\t\t\t\t\t\t\t<\/div>\n\t\t\t\t\t\t\t\t\t\t<\/div>\n\t\t\t\t\t\t\t\t\t\t\n\t\t\t\t\t\t\t\t\t\t\t\t\t\t\t\t\t\t<\/div>\n\t\t\t\t\t\t\t<\/div><!-- Services Wrap -->\n\t\t\t\t\t\t<\/div>\n\t\t\t\t\t<\/div>\n\t\t\t\t<\/div><!-- About Wrap -->\n\t\t\t<\/div>\n\t\t<\/div>\n\t<\/section>\n\t\n\t\t\n    \t\t<\/div>\n\t\t\t\t<\/div>\n\t\t\t\t\t<\/div>\n\t\t<\/div>\n\t\t\t\t\t\t\t<\/div>\n\t\t<\/section>\n\t\t\t\t<section class=\"elementor-section elementor-top-section elementor-element elementor-element-87c211c elementor-section-full_width elementor-section-stretched elementor-section-height-default elementor-section-height-default\" data-id=\"87c211c\" data-element_type=\"section\" data-settings=\"{&quot;stretch_section&quot;:&quot;section-stretched&quot;}\">\n\t\t\t\t\t\t<div class=\"elementor-container elementor-column-gap-no\">\n\t\t\t\t\t<div class=\"elementor-column elementor-col-100 elementor-top-column elementor-element elementor-element-e3095fb\" data-id=\"e3095fb\" data-element_type=\"column\">\n\t\t\t<div class=\"elementor-widget-wrap elementor-element-populated\">\n\t\t\t\t\t\t\t\t<div class=\"elementor-element elementor-element-3bf1eeb elementor-widget elementor-widget-cta-simple\" data-id=\"3bf1eeb\" data-element_type=\"widget\" data-widget_type=\"cta-simple.default\">\n\t\t\t\t<div class=\"elementor-widget-container\">\n\t\t\t\t\n\t<script>\n\tjQuery(document).ready(function($){\n  'use strict';\n  var particlesID = '';\n  var particlesColor = '#fff';\n\n  jQuery('.particles-js').each(function(i, el) {\n    particlesID = jQuery(el).attr('id');\n    if( jQuery(el).data('color') != undefined ){\n      particlesColor = jQuery(el).data('color');\n    }\n    var test = particlesJS(particlesID,\n    {\n      \"particles\": {\n        \"number\": {\n          \"value\": 160,\n          \"density\": {\n            \"enable\": true,\n            \"value_area\": 800\n          }\n        },\n        \"color\": {\n          \"value\": particlesColor\n        },\n        \"shape\": {\n          \"type\": \"circle\",\n          \"stroke\": {\n            \"width\": 0,\n            \"color\": \"#000000\"\n          },\n          \"polygon\": {\n            \"nb_sides\": 5\n          },\n          \"image\": {\n            \"src\": \"img\/github.svg\",\n            \"width\": 100,\n            \"height\": 100\n          }\n        },\n        \"opacity\": {\n          \"value\": 1,\n          \"random\": true,\n          \"anim\": {\n            \"enable\": true,\n            \"speed\": 1,\n            \"opacity_min\": 0,\n            \"sync\": false\n          }\n        },\n        \"size\": {\n          \"value\": 4,\n          \"random\": true,\n          \"anim\": {\n            \"enable\": false,\n            \"speed\": 4,\n            \"size_min\": 0.3,\n            \"sync\": false\n          }\n        },\n        \"line_linked\": {\n          \"enable\": false,\n          \"distance\": 150,\n          \"color\": \"#ffffff\",\n          \"opacity\": 0.4,\n          \"width\": 1\n        },\n        \"move\": {\n          \"enable\": true,\n          \"speed\": 1,\n          \"direction\": \"none\",\n          \"random\": true,\n          \"straight\": false,\n          \"out_mode\": \"out\",\n          \"bounce\": false,\n          \"attract\": {\n            \"enable\": false,\n            \"rotateX\": 600,\n            \"rotateY\": 600\n          }\n        }\n      },\n      \"interactivity\": {\n        \"detect_on\": \"canvas\",\n        \"events\": {\n          \"onhover\": {\n            \"enable\": true,\n            \"mode\": \"bubble\"\n          },\n          \"onclick\": {\n            \"enable\": true,\n            \"mode\": \"repulse\"\n          },\n          \"resize\": true\n        },\n        \"modes\": {\n          \"grab\": {\n            \"distance\": 400,\n            \"line_linked\": {\n              \"opacity\": 1\n            }\n          },\n          \"bubble\": {\n            \"distance\": 250,\n            \"size\": 0,\n            \"duration\": 2,\n            \"opacity\": 0,\n            \"speed\": 3\n          },\n          \"repulse\": {\n            \"distance\": 400,\n            \"duration\": 0.4\n          },\n          \"push\": {\n            \"particles_nb\": 4\n          },\n          \"remove\": {\n            \"particles_nb\": 2\n          }\n        }\n      },\n      \"retina_detect\": true\n    }\n\n    );\n  });\n});<\/script>\n\n\t<section>\n\t\t<div class=\"w-100 pt-155 pb-155 blue-layer opc85 position-relative\">\n\t\t\t\t\t\t\t<div class=\"fixed-bg\" style=\"background-image: url(https:\/\/ulubeymuhendislik.com\/wp-content\/uploads\/2022\/01\/Tesla-Bobini.jpg);\"><\/div>\n\t\t\t\t\t\t<div class=\"particles-js\" id=\"prtcl4\"><\/div>\n\t\t\t<div class=\"container\">\n\t\t\t\t<div class=\"banner-wrap position-relative text-center w-100\">\n\t\t\t\t\t<div class=\"banner-inner d-inline-block\">\n\t\t\t\t\t\t<h2 class=\"mb-0\">Ulubey M\u00fchendislik<\/h2>\t\t\t\t\t\t<p class=\"mb-0\">Herkesin yeni bir \u00fcr\u00fcne, hizmete, ki\u015filere veya kurumlara olan \u00f6n yarg\u0131n\u0131n fark\u0131nda olarak ba\u015flad\u0131\u011f\u0131m\u0131z i\u015f hayat\u0131m\u0131zda, yolumuza durmadan, y\u0131lmadan ve sab\u0131rla bu engelleri a\u015facak olman\u0131n bilinci ile devam etmekteyiz.<\/p>\t\t\t\t\t\t<a class=\"thm-btn thm-bg\" href=\"https:\/\/ulubeymuhendislik.com\/katalog.pdf\" title=\"\">Katalo\u011fu G\u00f6r\u00fcnt\u00fcle<i class=\"flaticon-arrow-pointing-to-right\"><\/i><\/a>\t\t\t\t\t<\/div>\n\t\t\t\t<\/div><!-- Banner Wrap -->\n\t\t\t<\/div>\n\t\t<\/div>\n\t<\/section>\n\t\n    \t\t<\/div>\n\t\t\t\t<\/div>\n\t\t\t\t\t<\/div>\n\t\t<\/div>\n\t\t\t\t\t\t\t<\/div>\n\t\t<\/section>\n\t\t\t\t<section class=\"elementor-section elementor-top-section elementor-element elementor-element-5126e75 elementor-section-full_width elementor-section-stretched elementor-section-height-default elementor-section-height-default\" data-id=\"5126e75\" data-element_type=\"section\" data-settings=\"{&quot;stretch_section&quot;:&quot;section-stretched&quot;}\">\n\t\t\t\t\t\t<div class=\"elementor-container elementor-column-gap-no\">\n\t\t\t\t\t<div class=\"elementor-column elementor-col-100 elementor-top-column elementor-element elementor-element-e0d6b80\" data-id=\"e0d6b80\" data-element_type=\"column\">\n\t\t\t<div class=\"elementor-widget-wrap elementor-element-populated\">\n\t\t\t\t\t\t\t\t<div class=\"elementor-element elementor-element-83cff66 elementor-widget elementor-widget-partners-list\" data-id=\"83cff66\" data-element_type=\"widget\" data-widget_type=\"partners-list.default\">\n\t\t\t\t<div class=\"elementor-widget-container\">\n\t\t\t\n\t\t\t\n\t\t\t<section>\n                <div class=\"w-100 pt-50 pb-50 position-relative\">\n                    <div class=\"container\">\n                        <div class=\"clients-wrap w-100\">\n                            <div class=\"row\">\n\t\t\t\t\t\t\t\t\t\t\t<div class=\"col-md-4 col-sm-4 col-lg-2\">\n\t\t\t\t\t\t\t\t\t\t\t\t<div class=\"client-box w-100\">\n\t\t\t\t\t\t\t\t\t\t\t\t\t<a href=\"#\" title=\"\"><img class=\"img-fluid\" src=\"https:\/\/ulubeymuhendislik.com\/wp-content\/uploads\/2022\/01\/Pelsan-Aydinlatma-Logo-640x320-1.png\" alt=\"Partners\"><\/a>\n\t\t\t\t\t\t\t\t\t\t\t\t<\/div>\n\t\t\t\t\t\t\t\t\t\t\t<\/div>\n\t\t\t\t\t\t\t\t\t\t\t<div class=\"col-md-4 col-sm-4 col-lg-2\">\n\t\t\t\t\t\t\t\t\t\t\t\t<div class=\"client-box w-100\">\n\t\t\t\t\t\t\t\t\t\t\t\t\t<a href=\"#\" title=\"\"><img class=\"img-fluid\" src=\"https:\/\/ulubeymuhendislik.com\/wp-content\/uploads\/2022\/01\/logo-kopya.png\" alt=\"Partners\"><\/a>\n\t\t\t\t\t\t\t\t\t\t\t\t<\/div>\n\t\t\t\t\t\t\t\t\t\t\t<\/div>\n\t\t\t\t\t\t\t\t\t\t\t<div class=\"col-md-4 col-sm-4 col-lg-2\">\n\t\t\t\t\t\t\t\t\t\t\t\t<div class=\"client-box w-100\">\n\t\t\t\t\t\t\t\t\t\t\t\t\t<a href=\"#\" title=\"\"><img class=\"img-fluid\" src=\"https:\/\/ulubeymuhendislik.com\/wp-content\/uploads\/2022\/01\/logo3.png\" alt=\"Partners\"><\/a>\n\t\t\t\t\t\t\t\t\t\t\t\t<\/div>\n\t\t\t\t\t\t\t\t\t\t\t<\/div>\n\t\t\t\t\t\t\t\t\t\t\t<div class=\"col-md-4 col-sm-4 col-lg-2\">\n\t\t\t\t\t\t\t\t\t\t\t\t<div class=\"client-box w-100\">\n\t\t\t\t\t\t\t\t\t\t\t\t\t<a href=\"#\" title=\"\"><img class=\"img-fluid\" src=\"https:\/\/ulubeymuhendislik.com\/wp-content\/uploads\/2022\/01\/2018314119351855.jpg.png\" alt=\"Partners\"><\/a>\n\t\t\t\t\t\t\t\t\t\t\t\t<\/div>\n\t\t\t\t\t\t\t\t\t\t\t<\/div>\n\t\t\t\t\t\t\t\t\t\t\t<div class=\"col-md-4 col-sm-4 col-lg-2\">\n\t\t\t\t\t\t\t\t\t\t\t\t<div class=\"client-box w-100\">\n\t\t\t\t\t\t\t\t\t\t\t\t\t<a href=\"#\" title=\"\"><img class=\"img-fluid\" src=\"https:\/\/ulubeymuhendislik.com\/wp-content\/uploads\/2022\/01\/main-1-1.png\" alt=\"Partners\"><\/a>\n\t\t\t\t\t\t\t\t\t\t\t\t<\/div>\n\t\t\t\t\t\t\t\t\t\t\t<\/div>\n\t\t\t\t\t\t\t\t\t\t\t<div class=\"col-md-4 col-sm-4 col-lg-2\">\n\t\t\t\t\t\t\t\t\t\t\t\t<div class=\"client-box w-100\">\n\t\t\t\t\t\t\t\t\t\t\t\t\t<a href=\"#\" title=\"\"><img class=\"img-fluid\" src=\"https:\/\/ulubeymuhendislik.com\/wp-content\/uploads\/2022\/01\/sts-group-1-1.jpg\" alt=\"Partners\"><\/a>\n\t\t\t\t\t\t\t\t\t\t\t\t<\/div>\n\t\t\t\t\t\t\t\t\t\t\t<\/div>\n                            <\/div>\n                        <\/div><!-- Clients Wrap -->\n                    <\/div>\n                <\/div>\n            <\/section>\t\t<\/div>\n\t\t\t\t<\/div>\n\t\t\t\t\t<\/div>\n\t\t<\/div>\n\t\t\t\t\t\t\t<\/div>\n\t\t<\/section>\n\t\t\t\t<section class=\"elementor-section elementor-top-section elementor-element elementor-element-5c74c10 elementor-section-full_width elementor-section-stretched elementor-section-height-default elementor-section-height-default\" data-id=\"5c74c10\" data-element_type=\"section\" data-settings=\"{&quot;stretch_section&quot;:&quot;section-stretched&quot;}\">\n\t\t\t\t\t\t<div class=\"elementor-container elementor-column-gap-no\">\n\t\t\t\t\t<div class=\"elementor-column elementor-col-100 elementor-top-column elementor-element elementor-element-53f0cb2\" data-id=\"53f0cb2\" data-element_type=\"column\">\n\t\t\t<div class=\"elementor-widget-wrap elementor-element-populated\">\n\t\t\t\t\t\t\t\t<div class=\"elementor-element elementor-element-647a1ed elementor-widget elementor-widget-footer-cta\" data-id=\"647a1ed\" data-element_type=\"widget\" data-widget_type=\"footer-cta.default\">\n\t\t\t\t<div class=\"elementor-widget-container\">\n\t\t\t\t\n\t<section>\n\t\t<div class=\"w-100 position-relative\">\n\t\t\t<div class=\"container\">\n\t\t\t\t<div class=\"getin-touch-wrap overlap-99 brd-rd5 style2 thm-layer opc8 w-100 overflow-hidden position-relative\">\n\t\t\t\t\t\t\t\t\t\t\t<div class=\"fixed-bg\" style=\"background-image: url(https:\/\/ulubeymuhendislik.com\/wp-content\/uploads\/2022\/01\/Adsiz-tasarim.png);\"><\/div>\n\t\t\t\t\t\t\t\t\t\t<div class=\"row align-items-center justify-content-between\">\n\t\t\t\t\t\t<div class=\"col-md-7 col-sm-12 col-lg-5\">\n\t\t\t\t\t\t\t<div class=\"getin-touch-title w-100\">\n\t\t\t\t\t\t\t\t\t\t\t\t\t\t\t\t\t<span class=\"text-color1 d-block\">Ulubey M\u00fchendislik<\/span>\n\t\t\t\t\t\t\t\t\t\t\t\t\t\t\t\t<h2 class=\"mb-0\">\u0130leti\u015fime Ge\u00e7in<\/h2>\t\t\t\t\t\t\t<\/div>\n\t\t\t\t\t\t<\/div>\n\t\t\t\t\t\t<div class=\"col-md-5 col-sm-12 col-lg-4\">\n\t\t\t\t\t\t\t\t\t\t\t\t\t\t\t<div class=\"getin-touch-btn text-right\">\n\t\t\t\t\t\t\t\t\t<a class=\"thm-btn bg-color1\" href=\"https:\/\/ulubeymuhendislik.com\/?page_id=436\" title=\"\">\u0130leti\u015fim<i class=\"flaticon-arrow-pointing-to-right\"><\/i><\/a>\n\t\t\t\t\t\t\t\t<\/div>\n\t\t\t\t\t\t\t\t\t\t\t\t\t<\/div>\n\t\t\t\t\t<\/div>\n\t\t\t\t<\/div>\n\t\t\t<\/div>\n\t\t<\/div>\n\t<\/section>\n\n    \t\t<\/div>\n\t\t\t\t<\/div>\n\t\t\t\t\t<\/div>\n\t\t<\/div>\n\t\t\t\t\t\t\t<\/div>\n\t\t<\/section>\n\t\t\t\t\t\t<\/div>\n\t\t\t\t\t<\/div>\n\t\t","protected":false},"excerpt":{"rendered":"<p>&nbsp; &nbsp; &nbsp; &nbsp; &nbsp;<\/p>\n","protected":false},"author":1,"featured_media":0,"parent":0,"menu_order":0,"comment_status":"closed","ping_status":"closed","template":"","meta":[],"_links":{"self":[{"href":"https:\/\/ulubeymuhendislik.com\/index.php?rest_route=\/wp\/v2\/pages\/357"}],"collection":[{"href":"https:\/\/ulubeymuhendislik.com\/index.php?rest_route=\/wp\/v2\/pages"}],"about":[{"href":"https:\/\/ulubeymuhendislik.com\/index.php?rest_route=\/wp\/v2\/types\/page"}],"author":[{"embeddable":true,"href":"https:\/\/ulubeymuhendislik.com\/index.php?rest_route=\/wp\/v2\/users\/1"}],"replies":[{"embeddable":true,"href":"https:\/\/ulubeymuhendislik.com\/index.php?rest_route=%2Fwp%2Fv2%2Fcomments&post=357"}],"version-history":[{"count":51,"href":"https:\/\/ulubeymuhendislik.com\/index.php?rest_route=\/wp\/v2\/pages\/357\/revisions"}],"predecessor-version":[{"id":1728,"href":"https:\/\/ulubeymuhendislik.com\/index.php?rest_route=\/wp\/v2\/pages\/357\/revisions\/1728"}],"wp:attachment":[{"href":"https:\/\/ulubeymuhendislik.com\/index.php?rest_route=%2Fwp%2Fv2%2Fmedia&parent=357"}],"curies":[{"name":"wp","href":"https:\/\/api.w.org\/{rel}","templated":true}]}}