{"id":378,"date":"2020-11-27T10:17:15","date_gmt":"2020-11-27T10:17:15","guid":{"rendered":"https:\/\/nauthemes.com\/wp\/kriate\/?page_id=378"},"modified":"2022-02-22T10:36:28","modified_gmt":"2022-02-22T07:36:28","slug":"latest-projects","status":"publish","type":"page","link":"https:\/\/ulubeymuhendislik.com\/?page_id=378","title":{"rendered":"Projeler"},"content":{"rendered":"\t\t<div data-elementor-type=\"wp-page\" data-elementor-id=\"378\" class=\"elementor elementor-378\" data-elementor-settings=\"[]\">\n\t\t\t\t\t\t\t<div class=\"elementor-section-wrap\">\n\t\t\t\t\t\t\t<section class=\"elementor-section elementor-top-section elementor-element elementor-element-7ebe1ce elementor-section-full_width elementor-section-stretched elementor-section-height-default elementor-section-height-default\" data-id=\"7ebe1ce\" data-element_type=\"section\" data-settings=\"{&quot;stretch_section&quot;:&quot;section-stretched&quot;}\">\n\t\t\t\t\t\t<div class=\"elementor-container elementor-column-gap-no\">\n\t\t\t\t\t<div class=\"elementor-column elementor-col-100 elementor-top-column elementor-element elementor-element-3d605ff\" data-id=\"3d605ff\" data-element_type=\"column\">\n\t\t\t<div class=\"elementor-widget-wrap elementor-element-populated\">\n\t\t\t\t\t\t\t\t<div class=\"elementor-element elementor-element-c1b40f0 elementor-widget elementor-widget-projects_grid\" data-id=\"c1b40f0\" data-element_type=\"widget\" data-widget_type=\"projects_grid.default\">\n\t\t\t\t<div class=\"elementor-widget-container\">\n\t\t\t\t\n\t<section>\n\t\t<div class=\"w-100 pt-100 pb-100 position-relative\">\n\t\t\t<div class=\"container\">\n\t\t\t\t\t\t\t\t<div class=\"proj-wrap w-100\">\n\t\t\t\t\t<div class=\"row justify-content-center\">\n\t\t\t\t\t\t\n\t\t\t\t\t\t\n\t\t\t\t\t\t\t<div class=\"col-md-4 col-sm-6 col-lg-3\">\n\t\t\t\t\t\t\t\t<div class=\"proj-box position-relative w-100\">\n\t\t\t\t\t\t\t\t\t\t\t\t\t\t\t\t\t\t\t<div class=\"proj-thumb overflow-hidden w-100\">\n\t\t\t\t\t\t\t\t\t\t\t<a href=\"https:\/\/ulubeymuhendislik.com\/?projects=industry-power-grid\" title=\"\">\n\t\t\t\t\t\t\t\t\t\t\t\t<img class=\"img-fluid w-100\" src=\"https:\/\/ulubeymuhendislik.com\/wp-content\/uploads\/bfi_thumb\/Akdag-Yalitim-A.S-Tamamlanan-Projelerde-pu96uqkrus2sxympg8pz26s935jniuys1i8itcc6d4.jpg\" alt=\"\">\n\t\t\t\t\t\t\t\t\t\t\t<\/a>\n\t\t\t\t\t\t\t\t\t\t<\/div>\n\t\t\t\t\t\t\t\t\t\t\t\t\t\t\t\t\t\t<div class=\"proj-info position-absolute\">\n\t\t\t\t\t\t\t\t\t\t<i class=\"flaticon-electric-tower\"><\/i>\t\t\t\t\t\t\t\t\t\t<h3 class=\"mb-0\"><a href=\"https:\/\/ulubeymuhendislik.com\/?projects=industry-power-grid\" title=\"\">Akda\u011f Yal\u0131t\u0131m A.\u015e. Elektrik Projelendirme \u0130\u015fi<\/a><\/h3>\n\t\t\t\t\t\t\t\t\t<\/div>\n\t\t\t\t\t\t\t\t<\/div>\n\t\t\t\t\t\t\t<\/div>\n\t\t\t\t\t\t\t\n\t\t\t\t\t\t\n\t\t\t\t\t\t\t<div class=\"col-md-4 col-sm-6 col-lg-3\">\n\t\t\t\t\t\t\t\t<div class=\"proj-box position-relative w-100\">\n\t\t\t\t\t\t\t\t\t\t\t\t\t\t\t\t\t\t\t<div class=\"proj-thumb overflow-hidden w-100\">\n\t\t\t\t\t\t\t\t\t\t\t<a href=\"https:\/\/ulubeymuhendislik.com\/?projects=ship-building-industry\" title=\"\">\n\t\t\t\t\t\t\t\t\t\t\t\t<img class=\"img-fluid w-100\" src=\"https:\/\/ulubeymuhendislik.com\/wp-content\/uploads\/bfi_thumb\/IMG_20210825_171006-scaled-pu96urim1m439klcar4lmojpojf0qk2idmw0amas6w.jpg\" alt=\"\">\n\t\t\t\t\t\t\t\t\t\t\t<\/a>\n\t\t\t\t\t\t\t\t\t\t<\/div>\n\t\t\t\t\t\t\t\t\t\t\t\t\t\t\t\t\t\t<div class=\"proj-info position-absolute\">\n\t\t\t\t\t\t\t\t\t\t<i class=\"flaticon-lighthouse\"><\/i>\t\t\t\t\t\t\t\t\t\t<h3 class=\"mb-0\"><a href=\"https:\/\/ulubeymuhendislik.com\/?projects=ship-building-industry\" title=\"\">K\u0131rklareli \u015eehir \u015eebekesi Yap\u0131m \u0130\u015fi<\/a><\/h3>\n\t\t\t\t\t\t\t\t\t<\/div>\n\t\t\t\t\t\t\t\t<\/div>\n\t\t\t\t\t\t\t<\/div>\n\t\t\t\t\t\t\t\t\t\t\t<\/div>\n\t\t\t\t<\/div><!-- Projects Wrap -->\n\t\t\t\t\t\t\t\t\t<div class=\"view-all mt-20 w-100 text-center\">\n\t\t\t\t\t\t<a class=\"thm-btn thm-bg\" href=\"https:\/\/ulubeymuhendislik.com\/?page_id=378\" title=\"\">T\u00fcm Projeleri G\u00f6r\u00fcnt\u00fcle<i class=\"flaticon-arrow-pointing-to-right\"><\/i><\/a>\n\t\t\t\t\t<\/div><!-- View All -->\n\t\t\t\t\t\t\t<\/div>\n\t\t<\/div>\n\t<\/section>\n\n    \t\t<\/div>\n\t\t\t\t<\/div>\n\t\t\t\t\t<\/div>\n\t\t<\/div>\n\t\t\t\t\t\t\t<\/div>\n\t\t<\/section>\n\t\t\t\t<section class=\"elementor-section elementor-top-section elementor-element elementor-element-45568de elementor-section-full_width elementor-section-stretched elementor-section-height-default elementor-section-height-default\" data-id=\"45568de\" data-element_type=\"section\" data-settings=\"{&quot;stretch_section&quot;:&quot;section-stretched&quot;}\">\n\t\t\t\t\t\t<div class=\"elementor-container elementor-column-gap-no\">\n\t\t\t\t\t<div class=\"elementor-column elementor-col-100 elementor-top-column elementor-element elementor-element-8cdc350\" data-id=\"8cdc350\" data-element_type=\"column\">\n\t\t\t<div class=\"elementor-widget-wrap elementor-element-populated\">\n\t\t\t\t\t\t\t\t<div class=\"elementor-element elementor-element-ca3db80 elementor-widget elementor-widget-partners-list\" data-id=\"ca3db80\" data-element_type=\"widget\" data-widget_type=\"partners-list.default\">\n\t\t\t\t<div class=\"elementor-widget-container\">\n\t\t\t\n\t\t\t\n\t\t\t<section>\n                <div class=\"w-100 pt-50 pb-50 position-relative\">\n                    <div class=\"container\">\n                        <div class=\"clients-wrap w-100\">\n                            <div class=\"row\">\n\t\t\t\t\t\t\t\t\t\t\t<div class=\"col-md-4 col-sm-4 col-lg-2\">\n\t\t\t\t\t\t\t\t\t\t\t\t<div class=\"client-box w-100\">\n\t\t\t\t\t\t\t\t\t\t\t\t\t<a href=\"#\" title=\"\"><img class=\"img-fluid\" src=\"https:\/\/ulubeymuhendislik.com\/wp-content\/uploads\/2022\/01\/Pelsan-Aydinlatma-Logo-640x320-1.png\" alt=\"Partners\"><\/a>\n\t\t\t\t\t\t\t\t\t\t\t\t<\/div>\n\t\t\t\t\t\t\t\t\t\t\t<\/div>\n\t\t\t\t\t\t\t\t\t\t\t<div class=\"col-md-4 col-sm-4 col-lg-2\">\n\t\t\t\t\t\t\t\t\t\t\t\t<div class=\"client-box w-100\">\n\t\t\t\t\t\t\t\t\t\t\t\t\t<a href=\"#\" title=\"\"><img class=\"img-fluid\" src=\"https:\/\/ulubeymuhendislik.com\/wp-content\/uploads\/2022\/01\/logo-kopya.png\" alt=\"Partners\"><\/a>\n\t\t\t\t\t\t\t\t\t\t\t\t<\/div>\n\t\t\t\t\t\t\t\t\t\t\t<\/div>\n\t\t\t\t\t\t\t\t\t\t\t<div class=\"col-md-4 col-sm-4 col-lg-2\">\n\t\t\t\t\t\t\t\t\t\t\t\t<div class=\"client-box w-100\">\n\t\t\t\t\t\t\t\t\t\t\t\t\t<a href=\"#\" title=\"\"><img class=\"img-fluid\" src=\"https:\/\/ulubeymuhendislik.com\/wp-content\/uploads\/2022\/01\/logo3.png\" alt=\"Partners\"><\/a>\n\t\t\t\t\t\t\t\t\t\t\t\t<\/div>\n\t\t\t\t\t\t\t\t\t\t\t<\/div>\n\t\t\t\t\t\t\t\t\t\t\t<div class=\"col-md-4 col-sm-4 col-lg-2\">\n\t\t\t\t\t\t\t\t\t\t\t\t<div class=\"client-box w-100\">\n\t\t\t\t\t\t\t\t\t\t\t\t\t<a href=\"#\" title=\"\"><img class=\"img-fluid\" src=\"https:\/\/ulubeymuhendislik.com\/wp-content\/uploads\/2022\/01\/2018314119351855.jpg.png\" alt=\"Partners\"><\/a>\n\t\t\t\t\t\t\t\t\t\t\t\t<\/div>\n\t\t\t\t\t\t\t\t\t\t\t<\/div>\n\t\t\t\t\t\t\t\t\t\t\t<div class=\"col-md-4 col-sm-4 col-lg-2\">\n\t\t\t\t\t\t\t\t\t\t\t\t<div class=\"client-box w-100\">\n\t\t\t\t\t\t\t\t\t\t\t\t\t<a href=\"#\" title=\"\"><img class=\"img-fluid\" src=\"https:\/\/ulubeymuhendislik.com\/wp-content\/uploads\/2022\/01\/main-1-1.png\" alt=\"Partners\"><\/a>\n\t\t\t\t\t\t\t\t\t\t\t\t<\/div>\n\t\t\t\t\t\t\t\t\t\t\t<\/div>\n\t\t\t\t\t\t\t\t\t\t\t<div class=\"col-md-4 col-sm-4 col-lg-2\">\n\t\t\t\t\t\t\t\t\t\t\t\t<div class=\"client-box w-100\">\n\t\t\t\t\t\t\t\t\t\t\t\t\t<a href=\"#\" title=\"\"><img class=\"img-fluid\" src=\"https:\/\/ulubeymuhendislik.com\/wp-content\/uploads\/2022\/01\/sts-group-1-1.jpg\" alt=\"Partners\"><\/a>\n\t\t\t\t\t\t\t\t\t\t\t\t<\/div>\n\t\t\t\t\t\t\t\t\t\t\t<\/div>\n                            <\/div>\n                        <\/div><!-- Clients Wrap -->\n                    <\/div>\n                <\/div>\n            <\/section>\t\t<\/div>\n\t\t\t\t<\/div>\n\t\t\t\t\t<\/div>\n\t\t<\/div>\n\t\t\t\t\t\t\t<\/div>\n\t\t<\/section>\n\t\t\t\t<section class=\"elementor-section elementor-top-section elementor-element elementor-element-60f070c elementor-section-full_width elementor-section-stretched elementor-section-height-default elementor-section-height-default\" data-id=\"60f070c\" data-element_type=\"section\" data-settings=\"{&quot;stretch_section&quot;:&quot;section-stretched&quot;}\">\n\t\t\t\t\t\t<div class=\"elementor-container elementor-column-gap-no\">\n\t\t\t\t\t<div class=\"elementor-column elementor-col-100 elementor-top-column elementor-element elementor-element-4ac23dc\" data-id=\"4ac23dc\" data-element_type=\"column\">\n\t\t\t<div class=\"elementor-widget-wrap elementor-element-populated\">\n\t\t\t\t\t\t\t\t<div class=\"elementor-element elementor-element-6e9f8e8 elementor-widget elementor-widget-footer-cta\" data-id=\"6e9f8e8\" data-element_type=\"widget\" data-widget_type=\"footer-cta.default\">\n\t\t\t\t<div class=\"elementor-widget-container\">\n\t\t\t\t\n\t<section>\n\t\t<div class=\"w-100 position-relative\">\n\t\t\t<div class=\"container\">\n\t\t\t\t<div class=\"getin-touch-wrap overlap-99 brd-rd5 style2 thm-layer opc8 w-100 overflow-hidden position-relative\">\n\t\t\t\t\t\t\t\t\t\t\t<div class=\"fixed-bg\" style=\"background-image: url(https:\/\/ulubeymuhendislik.com\/wp-content\/uploads\/2022\/01\/Adsiz-tasarim.png);\"><\/div>\n\t\t\t\t\t\t\t\t\t\t<div class=\"row align-items-center justify-content-between\">\n\t\t\t\t\t\t<div class=\"col-md-7 col-sm-12 col-lg-5\">\n\t\t\t\t\t\t\t<div class=\"getin-touch-title w-100\">\n\t\t\t\t\t\t\t\t\t\t\t\t\t\t\t\t\t<span class=\"text-color1 d-block\">Ulubey M\u00fchendislik<\/span>\n\t\t\t\t\t\t\t\t\t\t\t\t\t\t\t\t<h2 class=\"mb-0\">\u0130leti\u015fime Ge\u00e7in<\/h2>\t\t\t\t\t\t\t<\/div>\n\t\t\t\t\t\t<\/div>\n\t\t\t\t\t\t<div class=\"col-md-5 col-sm-12 col-lg-4\">\n\t\t\t\t\t\t\t\t\t\t\t\t\t\t\t<div class=\"getin-touch-btn text-right\">\n\t\t\t\t\t\t\t\t\t<a class=\"thm-btn bg-color1\" href=\"https:\/\/ulubeymuhendislik.com\/?page_id=436\" title=\"\">\u0130leti\u015fim<i class=\"flaticon-arrow-pointing-to-right\"><\/i><\/a>\n\t\t\t\t\t\t\t\t<\/div>\n\t\t\t\t\t\t\t\t\t\t\t\t\t<\/div>\n\t\t\t\t\t<\/div>\n\t\t\t\t<\/div>\n\t\t\t<\/div>\n\t\t<\/div>\n\t<\/section>\n\n    \t\t<\/div>\n\t\t\t\t<\/div>\n\t\t\t\t\t<\/div>\n\t\t<\/div>\n\t\t\t\t\t\t\t<\/div>\n\t\t<\/section>\n\t\t\t\t<section class=\"elementor-section elementor-top-section elementor-element elementor-element-630109f elementor-section-boxed elementor-section-height-default elementor-section-height-default\" data-id=\"630109f\" data-element_type=\"section\">\n\t\t\t\t\t\t<div class=\"elementor-container elementor-column-gap-default\">\n\t\t\t\t\t<div class=\"elementor-column elementor-col-100 elementor-top-column elementor-element elementor-element-9791e33\" data-id=\"9791e33\" data-element_type=\"column\">\n\t\t\t<div class=\"elementor-widget-wrap\">\n\t\t\t\t\t\t\t\t\t<\/div>\n\t\t<\/div>\n\t\t\t\t\t\t\t<\/div>\n\t\t<\/section>\n\t\t\t\t<section class=\"elementor-section elementor-top-section elementor-element elementor-element-359e653 elementor-section-boxed elementor-section-height-default elementor-section-height-default\" data-id=\"359e653\" data-element_type=\"section\">\n\t\t\t\t\t\t<div class=\"elementor-container elementor-column-gap-default\">\n\t\t\t\t\t<div class=\"elementor-column elementor-col-100 elementor-top-column elementor-element elementor-element-d55593e\" data-id=\"d55593e\" data-element_type=\"column\">\n\t\t\t<div class=\"elementor-widget-wrap\">\n\t\t\t\t\t\t\t\t\t<\/div>\n\t\t<\/div>\n\t\t\t\t\t\t\t<\/div>\n\t\t<\/section>\n\t\t\t\t\t\t<\/div>\n\t\t\t\t\t<\/div>\n\t\t","protected":false},"excerpt":{"rendered":"<p>Proje Ad\u0131 : K\u0131rklareli \u015eehir \u015eebekesi D\u00f6n\u00fc\u015f\u00fcm \u0130\u015fi Proje Yeri : K\u0131rklareli\/T\u00fcrkiye Tahmini Tamamlanma Y\u0131l\u0131 : 2021 Ana Y\u00fcklenici : \u0130kra Petrol Y\u00f6netim Hizmetleri San. ve Tic. Ltd. \u015eti.<\/p>\n","protected":false},"author":1,"featured_media":0,"parent":0,"menu_order":0,"comment_status":"closed","ping_status":"closed","template":"","meta":[],"_links":{"self":[{"href":"https:\/\/ulubeymuhendislik.com\/index.php?rest_route=\/wp\/v2\/pages\/378"}],"collection":[{"href":"https:\/\/ulubeymuhendislik.com\/index.php?rest_route=\/wp\/v2\/pages"}],"about":[{"href":"https:\/\/ulubeymuhendislik.com\/index.php?rest_route=\/wp\/v2\/types\/page"}],"author":[{"embeddable":true,"href":"https:\/\/ulubeymuhendislik.com\/index.php?rest_route=\/wp\/v2\/users\/1"}],"replies":[{"embeddable":true,"href":"https:\/\/ulubeymuhendislik.com\/index.php?rest_route=%2Fwp%2Fv2%2Fcomments&post=378"}],"version-history":[{"count":30,"href":"https:\/\/ulubeymuhendislik.com\/index.php?rest_route=\/wp\/v2\/pages\/378\/revisions"}],"predecessor-version":[{"id":1648,"href":"https:\/\/ulubeymuhendislik.com\/index.php?rest_route=\/wp\/v2\/pages\/378\/revisions\/1648"}],"wp:attachment":[{"href":"https:\/\/ulubeymuhendislik.com\/index.php?rest_route=%2Fwp%2Fv2%2Fmedia&parent=378"}],"curies":[{"name":"wp","href":"https:\/\/api.w.org\/{rel}","templated":true}]}}