{"id":395,"date":"2020-11-27T10:25:26","date_gmt":"2020-11-27T10:25:26","guid":{"rendered":"https:\/\/nauthemes.com\/wp\/kriate\/?page_id=395"},"modified":"2022-03-07T16:53:30","modified_gmt":"2022-03-07T13:53:30","slug":"our-services","status":"publish","type":"page","link":"https:\/\/ulubeymuhendislik.com\/?page_id=395","title":{"rendered":"Hizmetlerimiz"},"content":{"rendered":"\t\t<div data-elementor-type=\"wp-page\" data-elementor-id=\"395\" class=\"elementor elementor-395\" data-elementor-settings=\"[]\">\n\t\t\t\t\t\t\t<div class=\"elementor-section-wrap\">\n\t\t\t\t\t\t\t<section class=\"elementor-section elementor-top-section elementor-element elementor-element-a9d23e5 elementor-section-full_width elementor-section-stretched elementor-section-height-default elementor-section-height-default\" data-id=\"a9d23e5\" data-element_type=\"section\" data-settings=\"{&quot;stretch_section&quot;:&quot;section-stretched&quot;}\">\n\t\t\t\t\t\t<div class=\"elementor-container elementor-column-gap-no\">\n\t\t\t\t\t<div class=\"elementor-column elementor-col-100 elementor-top-column elementor-element elementor-element-6ec19f4\" data-id=\"6ec19f4\" data-element_type=\"column\">\n\t\t\t<div class=\"elementor-widget-wrap elementor-element-populated\">\n\t\t\t\t\t\t\t\t<div class=\"elementor-element elementor-element-3961d48 elementor-widget elementor-widget-services_grid\" data-id=\"3961d48\" data-element_type=\"widget\" data-widget_type=\"services_grid.default\">\n\t\t\t\t<div class=\"elementor-widget-container\">\n\t\t\t\t\n\t<section>\n\t\t<div class=\"w-100  w-100 pt-100 pb-70 position-relative\">\n\t\t\t\t\t\t<div class=\"particles-js\" id=\"prtcl\"><\/div>\n\t\t\t<div class=\"container\">\n\t\t\t\t\t\t\t<div class=\"sec-title v2 text-center w-100\">\n\t\t\t\t\t<div class=\"sec-title-inner d-inline-block\">\n\t\t\t\t\t\t<span class=\"thm-clr d-block\">Hizmetlerimiz<\/span>\t\t\t\t\t\t<h2 class=\"mb-0\">Y\u00fcksek Kalite M\u00fchendislik Hizmetleri<\/h2>\t\t\t\t\t\t<p class=\"mb-0\">Alan\u0131nda uzman kadromuz ile siz m\u00fc\u015fterilerimize kaliteli hizmet sunmaya devam ediyoruz<\/p>\t\t\t\t\t<\/div>\n\t\t\t\t<\/div>\n\t\t\t\t\t\t\t<div class=\"serv-wrap text-center w-100\">\n\t\t\t\t\t<div class=\"row res-caro2\">\n\t\t\t\t\t\t\t\t\t\t\t\t\t\n\t\t\t\t\t\t\t<div class=\"col-md-3 col-sm-6 col-lg-3\">\n\t\t\t\t\t\t\t\t<div class=\"serv-box2 position-relative overflow-hidden w-100\" style=\"background-image: url(https:\/\/ulubeymuhendislik.com\/wp-content\/uploads\/bfi_thumb\/476-dscf3615-pu96urim1m48sg9wdakkc00tdvljzci4oh681intqe.png);\">\n\t\t\t\t\t\t\t\t\t<i class=\"thm-clr flaticon-car-parts\"><\/i>\t\t\t\t\t\t\t\t\t<div class=\"serv-box-inner\">\n\t\t\t\t\t\t\t\t\t\t<h3 class=\"mb-0\"><a href=\"https:\/\/ulubeymuhendislik.com\/?services=ag-sistemleri\" title=\"\">Bak\u0131m Onar\u0131m \u0130\u015fleri<\/a><\/h3>\n\t\t\t\t\t\t\t\t\t\t<p class=\"mb-0\"><\/p>\n\t\t\t\t\t\t\t\t\t\t\t\t\t\t\t\t\t\t\t<\/div>\n\t\t\t\t\t\t\t\t<\/div>\n\t\t\t\t\t\t\t<\/div>\n\t\t\t\t\t\t\t\t\t\t\t\t\t\t\n\t\t\t\t\t\t\t<div class=\"col-md-3 col-sm-6 col-lg-3\">\n\t\t\t\t\t\t\t\t<div class=\"serv-box2 position-relative overflow-hidden w-100\" style=\"background-image: url(https:\/\/ulubeymuhendislik.com\/wp-content\/uploads\/bfi_thumb\/industry-3112436_960_1-400x550-1-pu96urim1m48sg9wdakkc00tdvljzci4oh681intqe.png);\">\n\t\t\t\t\t\t\t\t\t<i class=\"thm-clr flaticon-wheel-saw\"><\/i>\t\t\t\t\t\t\t\t\t<div class=\"serv-box-inner\">\n\t\t\t\t\t\t\t\t\t\t<h3 class=\"mb-0\"><a href=\"https:\/\/ulubeymuhendislik.com\/?services=kuvvetli-akim-tesisatlari\" title=\"\">Kuvvetli Ak\u0131m Tesisatlar\u0131<\/a><\/h3>\n\t\t\t\t\t\t\t\t\t\t<p class=\"mb-0\"><\/p>\n\t\t\t\t\t\t\t\t\t\t\t\t\t\t\t\t\t\t\t<\/div>\n\t\t\t\t\t\t\t\t<\/div>\n\t\t\t\t\t\t\t<\/div>\n\t\t\t\t\t\t\t\t\t\t\t\t\t\t\n\t\t\t\t\t\t\t<div class=\"col-md-3 col-sm-6 col-lg-3\">\n\t\t\t\t\t\t\t\t<div class=\"serv-box2 position-relative overflow-hidden w-100\" style=\"background-image: url(https:\/\/ulubeymuhendislik.com\/wp-content\/uploads\/bfi_thumb\/pexels-thisisengineering-3862379-pu96urim1m48sg9wdakkc00tdvljzci4oh681intqe.jpg);\">\n\t\t\t\t\t\t\t\t\t<i class=\"thm-clr flaticon-carpenter\"><\/i>\t\t\t\t\t\t\t\t\t<div class=\"serv-box-inner\">\n\t\t\t\t\t\t\t\t\t\t<h3 class=\"mb-0\"><a href=\"https:\/\/ulubeymuhendislik.com\/?services=muhendislik-hizmetleri-2\" title=\"\">M\u00fchendislik Hizmetleri<\/a><\/h3>\n\t\t\t\t\t\t\t\t\t\t<p class=\"mb-0\"><\/p>\n\t\t\t\t\t\t\t\t\t\t\t\t\t\t\t\t\t\t\t<\/div>\n\t\t\t\t\t\t\t\t<\/div>\n\t\t\t\t\t\t\t<\/div>\n\t\t\t\t\t\t\t\t\t\t\t\t\t\t\n\t\t\t\t\t\t\t<div class=\"col-md-3 col-sm-6 col-lg-3\">\n\t\t\t\t\t\t\t\t<div class=\"serv-box2 position-relative overflow-hidden w-100\" style=\"background-image: url(https:\/\/ulubeymuhendislik.com\/wp-content\/uploads\/bfi_thumb\/zc1-pu96uqkrus2ygub9is5xri9cshq6rneecciqk8p7wm.png);\">\n\t\t\t\t\t\t\t\t\t<i class=\"thm-clr flaticon-jigsaw\"><\/i>\t\t\t\t\t\t\t\t\t<div class=\"serv-box-inner\">\n\t\t\t\t\t\t\t\t\t\t<h3 class=\"mb-0\"><a href=\"https:\/\/ulubeymuhendislik.com\/?services=zayif-akim-sistemleri\" title=\"\">Zay\u0131f Ak\u0131m Sistemleri<\/a><\/h3>\n\t\t\t\t\t\t\t\t\t\t<p class=\"mb-0\"><\/p>\n\t\t\t\t\t\t\t\t\t\t\t\t\t\t\t\t\t\t\t<\/div>\n\t\t\t\t\t\t\t\t<\/div>\n\t\t\t\t\t\t\t<\/div>\n\t\t\t\t\t\t\t\t\t\t\t\t<\/div>\n\t\t\t\t<\/div><!-- Services Wrap -->\n\t\t\t\t\t\t\t<\/div>\n\t\t<\/div>\n\t<\/section>\n\n    \t\t<\/div>\n\t\t\t\t<\/div>\n\t\t\t\t\t<\/div>\n\t\t<\/div>\n\t\t\t\t\t\t\t<\/div>\n\t\t<\/section>\n\t\t\t\t<section class=\"elementor-section elementor-top-section elementor-element elementor-element-14d68c2 elementor-section-full_width elementor-section-stretched elementor-section-height-default elementor-section-height-default\" data-id=\"14d68c2\" data-element_type=\"section\" data-settings=\"{&quot;stretch_section&quot;:&quot;section-stretched&quot;}\">\n\t\t\t\t\t\t<div class=\"elementor-container elementor-column-gap-no\">\n\t\t\t\t\t<div class=\"elementor-column elementor-col-100 elementor-top-column elementor-element elementor-element-120edf8\" data-id=\"120edf8\" data-element_type=\"column\">\n\t\t\t<div class=\"elementor-widget-wrap elementor-element-populated\">\n\t\t\t\t\t\t\t\t<div class=\"elementor-element elementor-element-9da8373 e-transform resim elementor-widget elementor-widget-hot-deal\" data-id=\"9da8373\" data-element_type=\"widget\" id=\"resim\" data-settings=\"{&quot;_transform_scale_effect&quot;:{&quot;unit&quot;:&quot;px&quot;,&quot;size&quot;:1.1,&quot;sizes&quot;:[]},&quot;_transform_scale_effect_tablet&quot;:{&quot;unit&quot;:&quot;px&quot;,&quot;size&quot;:&quot;&quot;,&quot;sizes&quot;:[]},&quot;_transform_scale_effect_mobile&quot;:{&quot;unit&quot;:&quot;px&quot;,&quot;size&quot;:&quot;&quot;,&quot;sizes&quot;:[]}}\" data-widget_type=\"hot-deal.default\">\n\t\t\t\t<div class=\"elementor-widget-container\">\n\t\t\t\n\t\t\t      \n\t\t\t<section>\n                <div class=\"w-100 pt-130 pb-100 position-relative\">\n                    <div class=\"container\">\n                        <div class=\"sec-title2 w-100 hotty\">\n                            <div class=\"sec-title-inner2 d-inline-block\">\n                                <h2 class=\"mb-0\">Hizmetlerimiz <i> <br> <\/i><\/h2>\n                                <p class=\"mb-0\">\u0130\u015finiz ile alakal\u0131 t\u00fcm \u00e7\u00f6z\u00fcmler i\u00e7in her zaman haz\u0131r\u0131z.<\/p>\n                            <\/div>\n                        <\/div>\n                        <div class=\"solutions-wrap w-100\">\n                            <div class=\"row align-items-center\">\n                                <div class=\"col-md-6 col-sm-12 col-lg-6 post-detail-gallery-video-box position-relative\">\n                                    <a class=\"rounded-circle spinner\" href=\"\" data-fancybox title=\"\"><i class=\"flaticon-play\"><\/i><\/a>\n                                    <img class=\"img-fluid w-100 brd-rd5\" src=\"https:\/\/ulubeymuhendislik.com\/wp-content\/uploads\/2022\/01\/electricity-2021-08-26-17-02-27-utc-scaled.jpg\" alt=\"Project Image\">\n                                <\/div>\n                                <div class=\"col-md-6 col-sm-12 col-lg-6\">\n                                    <div class=\"solutions-content-wrap w-100\">\n                                        <h2 class=\"mb-0\"><\/h2>\n                                        <ul class=\"solutions-list mb-0 list-unstyled w-100\">\n\t\t\t\t\t\t\t\t\t\t\t\n\t\t\t\t\t\t\t\t\t\t\t\t\t<li class = \"active\">\n\t\t\t\t\t\t\t\t\t\t\t\t\t\t<i class=\"\">+<\/i>\n\t\t\t\t\t\t\t\t\t\t\t\t\t\t<h4 class=\"mb-0\">Bak\u0131m Onar\u0131m \u0130\u015fleri<\/h4>\n\t\t\t\t\t\t\t\t\t\t\t\t\t\t<p class=\"mb-0\"><p>\u2022Zay\u0131f Ak\u0131m Sistemleri Bak\u0131m \u0130\u015fleri <\/p>  \u2022Trafo Bak\u0131m \u0130\u015fleri<\/p>\n\t\t\t\t\t\t\t\t\t\t\t\t\t<\/li>\n\t\t\t\t\t\t\t\t\t\t\t\n\t\t\t\t\t\t\t\t\t\t\t\t\t<li class = \"\">\n\t\t\t\t\t\t\t\t\t\t\t\t\t\t<i class=\"\">+<\/i>\n\t\t\t\t\t\t\t\t\t\t\t\t\t\t<h4 class=\"mb-0\">Kuvvetli Ak\u0131m Tesisatlar\u0131<\/h4>\n\t\t\t\t\t\t\t\t\t\t\t\t\t\t<p class=\"mb-0\"><p>\u2022Tava ve Busbar Sistemi <\/p><p>\u2022\tPano ve Kompanzasyon Sistemi <\/p><p>\u2022\tAyd\u0131nlatma Sistemi<\/p> <p>\u2022\tTopraklama Sistemi <\/p><p>\u2022\tParatoner Sistemi<\/p><p> \u2022\t\u00c7evre Ayd\u0131nlatma Sistemi <\/p><p>\u2022\tJenerat\u00f6r Sistemi<\/p>\n\t\t\t\t\t\t\t\t\t\t\t\t\t<\/li>\n\t\t\t\t\t\t\t\t\t\t\t\n\t\t\t\t\t\t\t\t\t\t\t\t\t<li class = \"\">\n\t\t\t\t\t\t\t\t\t\t\t\t\t\t<i class=\"\">+<\/i>\n\t\t\t\t\t\t\t\t\t\t\t\t\t\t<h4 class=\"mb-0\">M\u00fchendislik Hizmetleri<\/h4>\n\t\t\t\t\t\t\t\t\t\t\t\t\t\t<p class=\"mb-0\"><p>\u2022\tDan\u0131\u015fmanl\u0131k Hizmetleri, Kurum \u0130\u015fleri Takibi <\/p><p>\u2022\tAs-Built Proje Haz\u0131rlama <\/p><p>\u2022\tMukayeseli Ke\u015fif Haz\u0131rlama <\/p><p>\u2022\tKesin Hesap Yap\u0131lmas\u0131<\/p>\n\t\t\t\t\t\t\t\t\t\t\t\t\t<\/li>\n\t\t\t\t\t\t\t\t\t\t\t\n\t\t\t\t\t\t\t\t\t\t\t\t\t<li class = \"\">\n\t\t\t\t\t\t\t\t\t\t\t\t\t\t<i class=\"\">+<\/i>\n\t\t\t\t\t\t\t\t\t\t\t\t\t\t<h4 class=\"mb-0\">Orta ve Y\u00fcksek Gerilim Sistemleri<\/h4>\n\t\t\t\t\t\t\t\t\t\t\t\t\t\t<p class=\"mb-0\"><\/p><p>\u2022\tEnerji M\u00fcsaadesi Al\u0131nmas\u0131 <\/p><p>\u2022\tOG ve YG Sistemleri Projelendirilmesi <\/p><p>\u2022\tOnay, Takip ve Tasdik \u0130\u015flemleri <\/p><p>\u2022\tYer Alt\u0131 ve Yer \u00dcst\u00fc Enerji Nakil Hatlar\u0131,<\/p><p> \u2022\t34,5\/154\/380kV Trafo Merkezi \u0130\u015fleri <\/p><p>\u2022\tEnerji Merkezi \u00c7\u00f6z\u00fcmleri <\/p><p>\u2022\tG\u00fcne\u015f Enerji Santralleri<\/p>\n\t\t\t\t\t\t\t\t\t\t\t\t\t<\/li>\n\t\t\t\t\t\t\t\t\t\t\t\n\t\t\t\t\t\t\t\t\t\t\t\t\t<li class = \"\">\n\t\t\t\t\t\t\t\t\t\t\t\t\t\t<i class=\"\">+<\/i>\n\t\t\t\t\t\t\t\t\t\t\t\t\t\t<h4 class=\"mb-0\">Zay\u0131f Ak\u0131m Sistemleri<\/h4>\n\t\t\t\t\t\t\t\t\t\t\t\t\t\t<p class=\"mb-0\"><\/p><p>\u2022\tYang\u0131n Alg\u0131lama ve \u0130hbar Sistemi <\/p><p>\u2022\tAcil Anons, M\u00fczik ve Seslendirme Sistemi <\/p><p>\u2022\tG\u00fcvenlik ve Kartl\u0131 Ge\u00e7i\u015f Sistemleri <\/p><p>\u2022\tIP ve Analog CCTV Sistemi <\/p><p>\u2022\tSMATV ve IPTV Sistemleri <\/p><p>\u2022\tPanik Alarm Sistemi <\/p><p>\u2022\tOtopark Dolu-Bo\u015f ve Bariyer Sistemleri <\/p><p>\u2022\tAyd\u0131nlatma Otomasyon Sistemleri ( KNX , DAL\u0130 vs. ) <\/p><p>\u2022\tEnerji \u0130zleme ve Faturaland\u0131rma Sistemi <\/p><p>\u2022\tMerkezi Saat Sistemi <\/p><p>\u2022\tBina Otomasyon Sistemi <\/p><p>\u2022\tEnstr\u00fcmantasyon Uygulamalar\u0131<\/p>\n\t\t\t\t\t\t\t\t\t\t\t\t\t<\/li>\n                                        <\/ul>\n                                    <\/div>\n                                <\/div>\n                            <\/div>\n                        <\/div><!-- Solutions Wrap -->\n                    <\/div>\n                <\/div>\n            <\/section>\t\t<\/div>\n\t\t\t\t<\/div>\n\t\t\t\t\t<\/div>\n\t\t<\/div>\n\t\t\t\t\t\t\t<\/div>\n\t\t<\/section>\n\t\t\t\t<section class=\"elementor-section elementor-top-section elementor-element elementor-element-f079a54 elementor-section-full_width elementor-section-stretched elementor-section-height-default elementor-section-height-default\" data-id=\"f079a54\" data-element_type=\"section\" data-settings=\"{&quot;stretch_section&quot;:&quot;section-stretched&quot;}\">\n\t\t\t\t\t\t<div class=\"elementor-container elementor-column-gap-no\">\n\t\t\t\t\t<div class=\"elementor-column elementor-col-100 elementor-top-column elementor-element elementor-element-2f29a67\" data-id=\"2f29a67\" data-element_type=\"column\">\n\t\t\t<div class=\"elementor-widget-wrap elementor-element-populated\">\n\t\t\t\t\t\t\t\t<div class=\"elementor-element elementor-element-780ce54 elementor-widget elementor-widget-partners-list\" data-id=\"780ce54\" data-element_type=\"widget\" data-widget_type=\"partners-list.default\">\n\t\t\t\t<div class=\"elementor-widget-container\">\n\t\t\t\n\t\t\t\n\t\t\t<section>\n                <div class=\"w-100 pt-50 pb-50 position-relative\">\n                    <div class=\"container\">\n                        <div class=\"clients-wrap w-100\">\n                            <div class=\"row\">\n\t\t\t\t\t\t\t\t\t\t\t<div class=\"col-md-4 col-sm-4 col-lg-2\">\n\t\t\t\t\t\t\t\t\t\t\t\t<div class=\"client-box w-100\">\n\t\t\t\t\t\t\t\t\t\t\t\t\t<a href=\"#\" title=\"\"><img class=\"img-fluid\" src=\"https:\/\/ulubeymuhendislik.com\/wp-content\/uploads\/2022\/01\/Pelsan-Aydinlatma-Logo-640x320-1.png\" alt=\"Partners\"><\/a>\n\t\t\t\t\t\t\t\t\t\t\t\t<\/div>\n\t\t\t\t\t\t\t\t\t\t\t<\/div>\n\t\t\t\t\t\t\t\t\t\t\t<div class=\"col-md-4 col-sm-4 col-lg-2\">\n\t\t\t\t\t\t\t\t\t\t\t\t<div class=\"client-box w-100\">\n\t\t\t\t\t\t\t\t\t\t\t\t\t<a href=\"#\" title=\"\"><img class=\"img-fluid\" src=\"https:\/\/ulubeymuhendislik.com\/wp-content\/uploads\/2022\/01\/logo-kopya.png\" alt=\"Partners\"><\/a>\n\t\t\t\t\t\t\t\t\t\t\t\t<\/div>\n\t\t\t\t\t\t\t\t\t\t\t<\/div>\n\t\t\t\t\t\t\t\t\t\t\t<div class=\"col-md-4 col-sm-4 col-lg-2\">\n\t\t\t\t\t\t\t\t\t\t\t\t<div class=\"client-box w-100\">\n\t\t\t\t\t\t\t\t\t\t\t\t\t<a href=\"#\" title=\"\"><img class=\"img-fluid\" src=\"https:\/\/ulubeymuhendislik.com\/wp-content\/uploads\/2022\/01\/logo3.png\" alt=\"Partners\"><\/a>\n\t\t\t\t\t\t\t\t\t\t\t\t<\/div>\n\t\t\t\t\t\t\t\t\t\t\t<\/div>\n\t\t\t\t\t\t\t\t\t\t\t<div class=\"col-md-4 col-sm-4 col-lg-2\">\n\t\t\t\t\t\t\t\t\t\t\t\t<div class=\"client-box w-100\">\n\t\t\t\t\t\t\t\t\t\t\t\t\t<a href=\"#\" title=\"\"><img class=\"img-fluid\" src=\"https:\/\/ulubeymuhendislik.com\/wp-content\/uploads\/2022\/01\/2018314119351855.jpg.png\" alt=\"Partners\"><\/a>\n\t\t\t\t\t\t\t\t\t\t\t\t<\/div>\n\t\t\t\t\t\t\t\t\t\t\t<\/div>\n\t\t\t\t\t\t\t\t\t\t\t<div class=\"col-md-4 col-sm-4 col-lg-2\">\n\t\t\t\t\t\t\t\t\t\t\t\t<div class=\"client-box w-100\">\n\t\t\t\t\t\t\t\t\t\t\t\t\t<a href=\"#\" title=\"\"><img class=\"img-fluid\" src=\"https:\/\/ulubeymuhendislik.com\/wp-content\/uploads\/2022\/01\/main-1-1.png\" alt=\"Partners\"><\/a>\n\t\t\t\t\t\t\t\t\t\t\t\t<\/div>\n\t\t\t\t\t\t\t\t\t\t\t<\/div>\n\t\t\t\t\t\t\t\t\t\t\t<div class=\"col-md-4 col-sm-4 col-lg-2\">\n\t\t\t\t\t\t\t\t\t\t\t\t<div class=\"client-box w-100\">\n\t\t\t\t\t\t\t\t\t\t\t\t\t<a href=\"#\" title=\"\"><img class=\"img-fluid\" src=\"https:\/\/ulubeymuhendislik.com\/wp-content\/uploads\/2022\/01\/sts-group-1-1.jpg\" alt=\"Partners\"><\/a>\n\t\t\t\t\t\t\t\t\t\t\t\t<\/div>\n\t\t\t\t\t\t\t\t\t\t\t<\/div>\n                            <\/div>\n                        <\/div><!-- Clients Wrap -->\n                    <\/div>\n                <\/div>\n            <\/section>\t\t<\/div>\n\t\t\t\t<\/div>\n\t\t\t\t\t<\/div>\n\t\t<\/div>\n\t\t\t\t\t\t\t<\/div>\n\t\t<\/section>\n\t\t\t\t<section class=\"elementor-section elementor-top-section elementor-element elementor-element-ac9b298 elementor-section-full_width elementor-section-stretched elementor-section-height-default elementor-section-height-default\" data-id=\"ac9b298\" data-element_type=\"section\" data-settings=\"{&quot;stretch_section&quot;:&quot;section-stretched&quot;}\">\n\t\t\t\t\t\t<div class=\"elementor-container elementor-column-gap-no\">\n\t\t\t\t\t<div class=\"elementor-column elementor-col-100 elementor-top-column elementor-element elementor-element-8a1bc9e\" data-id=\"8a1bc9e\" data-element_type=\"column\">\n\t\t\t<div class=\"elementor-widget-wrap elementor-element-populated\">\n\t\t\t\t\t\t\t\t<div class=\"elementor-element elementor-element-f90bdfb elementor-widget elementor-widget-footer-cta\" data-id=\"f90bdfb\" data-element_type=\"widget\" data-widget_type=\"footer-cta.default\">\n\t\t\t\t<div class=\"elementor-widget-container\">\n\t\t\t\t\n\t<section>\n\t\t<div class=\"w-100 position-relative\">\n\t\t\t<div class=\"container\">\n\t\t\t\t<div class=\"getin-touch-wrap overlap-99 brd-rd5 style2 thm-layer opc8 w-100 overflow-hidden position-relative\">\n\t\t\t\t\t\t\t\t\t\t\t<div class=\"fixed-bg\" style=\"background-image: url(https:\/\/ulubeymuhendislik.com\/wp-content\/uploads\/2022\/01\/Adsiz-tasarim.png);\"><\/div>\n\t\t\t\t\t\t\t\t\t\t<div class=\"row align-items-center justify-content-between\">\n\t\t\t\t\t\t<div class=\"col-md-7 col-sm-12 col-lg-5\">\n\t\t\t\t\t\t\t<div class=\"getin-touch-title w-100\">\n\t\t\t\t\t\t\t\t\t\t\t\t\t\t\t\t\t<span class=\"text-color1 d-block\">Ulubey M\u00fchendislik<\/span>\n\t\t\t\t\t\t\t\t\t\t\t\t\t\t\t\t<h2 class=\"mb-0\">\u0130leti\u015fime Ge\u00e7in<\/h2>\t\t\t\t\t\t\t<\/div>\n\t\t\t\t\t\t<\/div>\n\t\t\t\t\t\t<div class=\"col-md-5 col-sm-12 col-lg-4\">\n\t\t\t\t\t\t\t\t\t\t\t\t\t\t\t<div class=\"getin-touch-btn text-right\">\n\t\t\t\t\t\t\t\t\t<a class=\"thm-btn bg-color1\" href=\"https:\/\/ulubeymuhendislik.com\/?page_id=436\" title=\"\">\u0130leti\u015fim<i class=\"flaticon-arrow-pointing-to-right\"><\/i><\/a>\n\t\t\t\t\t\t\t\t<\/div>\n\t\t\t\t\t\t\t\t\t\t\t\t\t<\/div>\n\t\t\t\t\t<\/div>\n\t\t\t\t<\/div>\n\t\t\t<\/div>\n\t\t<\/div>\n\t<\/section>\n\n    \t\t<\/div>\n\t\t\t\t<\/div>\n\t\t\t\t\t<\/div>\n\t\t<\/div>\n\t\t\t\t\t\t\t<\/div>\n\t\t<\/section>\n\t\t\t\t\t\t<\/div>\n\t\t\t\t\t<\/div>\n\t\t","protected":false},"excerpt":{"rendered":"","protected":false},"author":1,"featured_media":0,"parent":0,"menu_order":0,"comment_status":"closed","ping_status":"closed","template":"","meta":[],"_links":{"self":[{"href":"https:\/\/ulubeymuhendislik.com\/index.php?rest_route=\/wp\/v2\/pages\/395"}],"collection":[{"href":"https:\/\/ulubeymuhendislik.com\/index.php?rest_route=\/wp\/v2\/pages"}],"about":[{"href":"https:\/\/ulubeymuhendislik.com\/index.php?rest_route=\/wp\/v2\/types\/page"}],"author":[{"embeddable":true,"href":"https:\/\/ulubeymuhendislik.com\/index.php?rest_route=\/wp\/v2\/users\/1"}],"replies":[{"embeddable":true,"href":"https:\/\/ulubeymuhendislik.com\/index.php?rest_route=%2Fwp%2Fv2%2Fcomments&post=395"}],"version-history":[{"count":42,"href":"https:\/\/ulubeymuhendislik.com\/index.php?rest_route=\/wp\/v2\/pages\/395\/revisions"}],"predecessor-version":[{"id":1713,"href":"https:\/\/ulubeymuhendislik.com\/index.php?rest_route=\/wp\/v2\/pages\/395\/revisions\/1713"}],"wp:attachment":[{"href":"https:\/\/ulubeymuhendislik.com\/index.php?rest_route=%2Fwp%2Fv2%2Fmedia&parent=395"}],"curies":[{"name":"wp","href":"https:\/\/api.w.org\/{rel}","templated":true}]}}