{"id":436,"date":"2020-11-28T09:11:18","date_gmt":"2020-11-28T06:11:18","guid":{"rendered":"https:\/\/nauthemes.com\/wp\/kriate\/?page_id=436"},"modified":"2022-11-27T22:17:17","modified_gmt":"2022-11-27T19:17:17","slug":"iletisim","status":"publish","type":"page","link":"https:\/\/ulubeymuhendislik.com\/?page_id=436","title":{"rendered":"\u0130leti\u015fim"},"content":{"rendered":"\t\t<div data-elementor-type=\"wp-page\" data-elementor-id=\"436\" class=\"elementor elementor-436\" data-elementor-settings=\"[]\">\n\t\t\t\t\t\t\t<div class=\"elementor-section-wrap\">\n\t\t\t\t\t\t\t<section class=\"elementor-section elementor-top-section elementor-element elementor-element-cf72398 elementor-section-full_width elementor-section-stretched elementor-section-height-default elementor-section-height-default\" data-id=\"cf72398\" data-element_type=\"section\" data-settings=\"{&quot;stretch_section&quot;:&quot;section-stretched&quot;}\">\n\t\t\t\t\t\t<div class=\"elementor-container elementor-column-gap-no\">\n\t\t\t\t\t<div class=\"elementor-column elementor-col-100 elementor-top-column elementor-element elementor-element-e511d69\" data-id=\"e511d69\" data-element_type=\"column\">\n\t\t\t<div class=\"elementor-widget-wrap elementor-element-populated\">\n\t\t\t\t\t\t\t\t<div class=\"elementor-element elementor-element-56aff8f elementor-widget elementor-widget-infoboxes\" data-id=\"56aff8f\" data-element_type=\"widget\" data-widget_type=\"infoboxes.default\">\n\t\t\t\t<div class=\"elementor-widget-container\">\n\t\t\t\n\t\n\t<section>\n\t\t<div class=\"w-100 pt-90 opc6 position-relative\">\n\t\t\t<div class=\"container\">\n\t\t\t\t<div class=\"cont-info-wrap w-100\">\n\t\t\t\t\t<div class=\"row\">\n\t\t\t\t\t\t\t\t\n\t\t\t\t\t\t\t\t<div class=\"col-md-6 col-sm-6 col-lg-4\">\n\t\t\t\t\t\t\t\t\t<div class=\"cont-info-box-wrap w-100\">\n\t\t\t\t\t\t\t\t\t\t<div class=\"cont-info-box text-center position-relative w-100 pat-bg white-layer opc8 back-blend-multiply bg-white\">\n\t\t\t\t\t\t\t\t\t\t\t<span class=\"bg-color1\">\n\t\t\t\t\t\t\t\t\t\t\t\t<i class=\"flaticon-phone-call \"><\/i>\n\t\t\t\t\t\t\t\t\t\t\t<\/span>\n\t\t\t\t\t\t\t\t\t\t\t<h4 class=\"mb-0\">Telefon<\/h4><p class=\"mb-0\">+90 542 317 34 29<\/p>\n\t\t\t\t\t\t\t\t\t\t<\/div>\n\t\t\t\t\t\t\t\t\t<\/div>\n\t\t\t\t\t\t\t\t<\/div>\n\t\t\t\t\t\t\t\t\n\t\t\t\t\t\t\t\t<div class=\"col-md-6 col-sm-6 col-lg-4\">\n\t\t\t\t\t\t\t\t\t<div class=\"cont-info-box-wrap w-100\">\n\t\t\t\t\t\t\t\t\t\t<div class=\"cont-info-box text-center position-relative w-100 pat-bg white-layer opc8 back-blend-multiply bg-white\">\n\t\t\t\t\t\t\t\t\t\t\t<span class=\"bg-color1\">\n\t\t\t\t\t\t\t\t\t\t\t\t<i class=\"flaticon-mail \"><\/i>\n\t\t\t\t\t\t\t\t\t\t\t<\/span>\n\t\t\t\t\t\t\t\t\t\t\t<h4 class=\"mb-0\">E-Mail<\/h4><p class=\"mb-0\">proje@ulubeymuhendislik.com<\/p>\n\t\t\t\t\t\t\t\t\t\t<\/div>\n\t\t\t\t\t\t\t\t\t<\/div>\n\t\t\t\t\t\t\t\t<\/div>\n\t\t\t\t\t\t\t\t\n\t\t\t\t\t\t\t\t<div class=\"col-md-6 col-sm-6 col-lg-4\">\n\t\t\t\t\t\t\t\t\t<div class=\"cont-info-box-wrap w-100\">\n\t\t\t\t\t\t\t\t\t\t<div class=\"cont-info-box text-center position-relative w-100 pat-bg white-layer opc8 back-blend-multiply bg-white\">\n\t\t\t\t\t\t\t\t\t\t\t<span class=\"bg-color1\">\n\t\t\t\t\t\t\t\t\t\t\t\t<i class=\"flaticon-placeholder \"><\/i>\n\t\t\t\t\t\t\t\t\t\t\t<\/span>\n\t\t\t\t\t\t\t\t\t\t\t<h4 class=\"mb-0\">Adres<\/h4><p class=\"mb-0\">\u0130vedikk\u00f6y Mah. Melih G\u00f6k\u00e7ek Bulv. No:140\/55 Yenimahalle\/ANKARA<\/p>\n\t\t\t\t\t\t\t\t\t\t<\/div>\n\t\t\t\t\t\t\t\t\t<\/div>\n\t\t\t\t\t\t\t\t<\/div>\t\n\t\t\t\t\t\n\t\t\t\t\t<\/div>\n\t\t\t\t<\/div>\n\t\t\t<\/div>\n\t\t<\/div>\n\t<\/section>\t\t<\/div>\n\t\t\t\t<\/div>\n\t\t\t\t\t<\/div>\n\t\t<\/div>\n\t\t\t\t\t\t\t<\/div>\n\t\t<\/section>\n\t\t\t\t<section class=\"elementor-section elementor-top-section elementor-element elementor-element-998f675 elementor-section-boxed elementor-section-height-default elementor-section-height-default\" data-id=\"998f675\" data-element_type=\"section\">\n\t\t\t\t\t\t<div class=\"elementor-container elementor-column-gap-default\">\n\t\t\t\t\t<div class=\"elementor-column elementor-col-100 elementor-top-column elementor-element elementor-element-2ca1289\" data-id=\"2ca1289\" data-element_type=\"column\">\n\t\t\t<div class=\"elementor-widget-wrap elementor-element-populated\">\n\t\t\t\t\t\t\t\t<div class=\"elementor-element elementor-element-90597d3 elementor-widget elementor-widget-google_maps\" data-id=\"90597d3\" data-element_type=\"widget\" data-widget_type=\"google_maps.default\">\n\t\t\t\t<div class=\"elementor-widget-container\">\n\t\t\t<style>\/*! elementor - v3.5.4 - 23-01-2022 *\/\n.elementor-widget-google_maps .elementor-widget-container{overflow:hidden}.elementor-widget-google_maps iframe{height:300px}<\/style>\t\t<div class=\"elementor-custom-embed\">\n\t\t\t<iframe frameborder=\"0\" scrolling=\"no\" marginheight=\"0\" marginwidth=\"0\"\n\t\t\t\t\tsrc=\"https:\/\/maps.google.com\/maps?q=Melih%20G%C3%B6k%C3%A7ek%20Bulvar%C4%B1%20No140&#038;t=m&#038;z=10&#038;output=embed&#038;iwloc=near\"\n\t\t\t\t\ttitle=\"Melih G\u00f6k\u00e7ek Bulvar\u0131 No140\"\n\t\t\t\t\taria-label=\"Melih G\u00f6k\u00e7ek Bulvar\u0131 No140\"\n\t\t\t><\/iframe>\n\t\t<\/div>\n\t\t\t\t<\/div>\n\t\t\t\t<\/div>\n\t\t\t\t\t<\/div>\n\t\t<\/div>\n\t\t\t\t\t\t\t<\/div>\n\t\t<\/section>\n\t\t\t\t<section class=\"elementor-section elementor-top-section elementor-element elementor-element-5ea468b elementor-section-full_width elementor-section-stretched elementor-section-height-default elementor-section-height-default\" data-id=\"5ea468b\" data-element_type=\"section\" data-settings=\"{&quot;stretch_section&quot;:&quot;section-stretched&quot;}\">\n\t\t\t\t\t\t<div class=\"elementor-container elementor-column-gap-no\">\n\t\t\t\t\t<div class=\"elementor-column elementor-col-100 elementor-top-column elementor-element elementor-element-811811e\" data-id=\"811811e\" data-element_type=\"column\">\n\t\t\t<div class=\"elementor-widget-wrap elementor-element-populated\">\n\t\t\t\t\t\t\t\t<div class=\"elementor-element elementor-element-dd94a18 elementor-widget elementor-widget-contact_form_map\" data-id=\"dd94a18\" data-element_type=\"widget\" data-widget_type=\"contact_form_map.default\">\n\t\t\t\t<div class=\"elementor-widget-container\">\n\t\t\t\n\t\t\n\t\t<section>\n\t\t\t<div class=\"w-100 pb-250 position-relative\">\n\t\t\t\t<div class=\"container\">\n\t\t\t\t\t<div class=\"contact-wrap mt-100 w-100\">\n\t\t\t\t\t\t\n\t\t\t\t\t\t<div class=\"sec-title v2 text-center w-100\">\n\t\t\t\t\t\t\t<div class=\"sec-title-inner d-inline-block\">\n\t\t\t\t\t\t\t\t<span class=\"thm-clr d-block\">Bize Yaz\u0131n<\/span>\n\t\t\t\t\t\t\t\t<h2 class=\"mb-0\">Bizimle \u0130leti\u015fime Ge\u00e7in<\/h2>\n\t\t\t\t\t\t\t\t<p class=\"mb-0\"><\/p>\n\t\t\t\t\t\t\t\t<\/div>\n\t\t\t\t\t\t\t<\/div>\n\t\t\t\t\t\t<\/div>\n\t\t\t\t\t\n\t\t\t\t\t\t<div class = \"contact-form text-center w-100\"><div class=\"row\">\n\t\t\t\t\t\t\t\t\t<div class = \"col-md-1 col-sm-1 col-lg-1\"><\/div>\n\t\t\t\t\t\t\t\t\t<div class=\"col-md-10 col-sm-10 col-lg-10\">\n\t\t\t\t\t\t\t\t\t\t<div class=\"contact-form text-center w-100\">\n\t\t\t\t\t\t\t\t\t\t\t<div role=\"form\" class=\"wpcf7\" id=\"wpcf7-f5-o1\" lang=\"tr-TR\" dir=\"ltr\">\n<div class=\"screen-reader-response\"><p role=\"status\" aria-live=\"polite\" aria-atomic=\"true\"><\/p> <ul><\/ul><\/div>\n<form action=\"\/index.php?rest_route=%2Fwp%2Fv2%2Fpages%2F436#wpcf7-f5-o1\" method=\"post\" class=\"wpcf7-form init\" novalidate=\"novalidate\" data-status=\"init\">\n<div style=\"display: none;\">\n<input type=\"hidden\" name=\"_wpcf7\" value=\"5\" \/>\n<input type=\"hidden\" name=\"_wpcf7_version\" value=\"5.5.4\" \/>\n<input type=\"hidden\" name=\"_wpcf7_locale\" value=\"tr_TR\" \/>\n<input type=\"hidden\" name=\"_wpcf7_unit_tag\" value=\"wpcf7-f5-o1\" \/>\n<input type=\"hidden\" name=\"_wpcf7_container_post\" value=\"0\" \/>\n<input type=\"hidden\" name=\"_wpcf7_posted_data_hash\" value=\"\" \/>\n<\/div>\n<p><label> Ad ve Soyad<br \/>\n    <span class=\"wpcf7-form-control-wrap your-name\"><input type=\"text\" name=\"your-name\" value=\"\" size=\"40\" class=\"wpcf7-form-control wpcf7-text wpcf7-validates-as-required\" aria-required=\"true\" aria-invalid=\"false\" \/><\/span> <\/label><\/p>\n<p><label> E-Mail<br \/>\n    <span class=\"wpcf7-form-control-wrap your-email\"><input type=\"email\" name=\"your-email\" value=\"\" size=\"40\" class=\"wpcf7-form-control wpcf7-text wpcf7-email wpcf7-validates-as-required wpcf7-validates-as-email\" aria-required=\"true\" aria-invalid=\"false\" \/><\/span> <\/label><\/p>\n<p><label> Konu<br \/>\n    <span class=\"wpcf7-form-control-wrap your-subject\"><input type=\"text\" name=\"your-subject\" value=\"\" size=\"40\" class=\"wpcf7-form-control wpcf7-text wpcf7-validates-as-required\" aria-required=\"true\" aria-invalid=\"false\" \/><\/span> <\/label><\/p>\n<p><label> Mesaj<br \/>\n    <span class=\"wpcf7-form-control-wrap your-message\"><textarea name=\"your-message\" cols=\"40\" rows=\"10\" class=\"wpcf7-form-control wpcf7-textarea\" aria-invalid=\"false\"><\/textarea><\/span> <\/label><\/p>\n<p><input type=\"submit\" value=\"G\u00f6nder\" class=\"wpcf7-form-control has-spinner wpcf7-submit\" \/><\/p>\n<div class=\"wpcf7-response-output\" aria-hidden=\"true\"><\/div><\/form><\/div>\n\t\t\t\t\t\t\t\t\t\t<\/div>\n\t\t\t\t\t\t\t\t\t<\/div>\n\t\t\t\t\t\t\t\t\t<div class = \"col-md-1 col-sm-1 col-lg-1\"><\/div>\n\t\t\t\t\t\t\t\t\t<\/div><\/div>\n\t\t\t\t\t\t<\/div>\n\t\t\t\t\t<\/div><!-- Contact Wrap -->\n\t\t\t\t<\/div>\n\t\t\t<\/div>\n\t\t<\/section>\t\t<\/div>\n\t\t\t\t<\/div>\n\t\t\t\t\t<\/div>\n\t\t<\/div>\n\t\t\t\t\t\t\t<\/div>\n\t\t<\/section>\n\t\t\t\t\t\t<\/div>\n\t\t\t\t\t<\/div>\n\t\t","protected":false},"excerpt":{"rendered":"<p>Telefon+90 542 317 34 29 E-Mailproje@ulubeymuhendislik.com Adres\u0130vedikk\u00f6y Mah. Melih G\u00f6k\u00e7ek Bulv. No:140\/55 Yenimahalle\/ANKARA \/*! elementor &#8211; v3.5.4 &#8211; 23-01-2022 *\/ .elementor-widget-google_maps .elementor-widget-container{overflow:hidden}.elementor-widget-google_maps iframe{height:300px} Bize Yaz\u0131n Bizimle \u0130leti\u015fime Ge\u00e7in Ad ve Soyad E-Mail Konu Mesaj<\/p>\n","protected":false},"author":1,"featured_media":0,"parent":0,"menu_order":0,"comment_status":"closed","ping_status":"closed","template":"","meta":[],"_links":{"self":[{"href":"https:\/\/ulubeymuhendislik.com\/index.php?rest_route=\/wp\/v2\/pages\/436"}],"collection":[{"href":"https:\/\/ulubeymuhendislik.com\/index.php?rest_route=\/wp\/v2\/pages"}],"about":[{"href":"https:\/\/ulubeymuhendislik.com\/index.php?rest_route=\/wp\/v2\/types\/page"}],"author":[{"embeddable":true,"href":"https:\/\/ulubeymuhendislik.com\/index.php?rest_route=\/wp\/v2\/users\/1"}],"replies":[{"embeddable":true,"href":"https:\/\/ulubeymuhendislik.com\/index.php?rest_route=%2Fwp%2Fv2%2Fcomments&post=436"}],"version-history":[{"count":21,"href":"https:\/\/ulubeymuhendislik.com\/index.php?rest_route=\/wp\/v2\/pages\/436\/revisions"}],"predecessor-version":[{"id":1747,"href":"https:\/\/ulubeymuhendislik.com\/index.php?rest_route=\/wp\/v2\/pages\/436\/revisions\/1747"}],"wp:attachment":[{"href":"https:\/\/ulubeymuhendislik.com\/index.php?rest_route=%2Fwp%2Fv2%2Fmedia&parent=436"}],"curies":[{"name":"wp","href":"https:\/\/api.w.org\/{rel}","templated":true}]}}