{"id":592,"date":"2020-11-28T17:43:49","date_gmt":"2020-11-28T14:43:49","guid":{"rendered":"https:\/\/nauthemes.com\/wp\/kriate\/?page_id=592"},"modified":"2022-02-22T10:38:54","modified_gmt":"2022-02-22T07:38:54","slug":"galeri","status":"publish","type":"page","link":"https:\/\/ulubeymuhendislik.com\/?page_id=592","title":{"rendered":"Galeri"},"content":{"rendered":"\t\t<div data-elementor-type=\"wp-page\" data-elementor-id=\"592\" class=\"elementor elementor-592\" data-elementor-settings=\"[]\">\n\t\t\t\t\t\t\t<div class=\"elementor-section-wrap\">\n\t\t\t\t\t\t\t<section class=\"elementor-section elementor-top-section elementor-element elementor-element-eb574cb elementor-section-boxed elementor-section-height-default elementor-section-height-default\" data-id=\"eb574cb\" data-element_type=\"section\">\n\t\t\t\t\t\t<div class=\"elementor-container elementor-column-gap-default\">\n\t\t\t\t\t<div class=\"elementor-column elementor-col-100 elementor-top-column elementor-element elementor-element-fd03f25\" data-id=\"fd03f25\" data-element_type=\"column\">\n\t\t\t<div class=\"elementor-widget-wrap elementor-element-populated\">\n\t\t\t\t\t\t\t\t<div class=\"elementor-element elementor-element-b1ed110 elementor-widget elementor-widget-image-gallery\" data-id=\"b1ed110\" data-element_type=\"widget\" data-widget_type=\"image-gallery.default\">\n\t\t\t\t<div class=\"elementor-widget-container\">\n\t\t\t<style>\/*! elementor - v3.5.4 - 23-01-2022 *\/\n.elementor-image-gallery .gallery-item{display:inline-block;text-align:center;vertical-align:top;width:100%;max-width:100%;margin:0 auto}.elementor-image-gallery .gallery-item img{margin:0 auto}.elementor-image-gallery .gallery-item .gallery-caption{margin:0}.elementor-image-gallery figure img{display:block}.elementor-image-gallery figure figcaption{width:100%}.gallery-spacing-custom .elementor-image-gallery .gallery-icon{padding:0}@media (min-width:768px){.elementor-image-gallery .gallery-columns-2 .gallery-item{max-width:50%}.elementor-image-gallery .gallery-columns-3 .gallery-item{max-width:33.33%}.elementor-image-gallery .gallery-columns-4 .gallery-item{max-width:25%}.elementor-image-gallery .gallery-columns-5 .gallery-item{max-width:20%}.elementor-image-gallery .gallery-columns-6 .gallery-item{max-width:16.666%}.elementor-image-gallery .gallery-columns-7 .gallery-item{max-width:14.28%}.elementor-image-gallery .gallery-columns-8 .gallery-item{max-width:12.5%}.elementor-image-gallery .gallery-columns-9 .gallery-item{max-width:11.11%}.elementor-image-gallery .gallery-columns-10 .gallery-item{max-width:10%}}@media (min-width:480px) and (max-width:767px){.elementor-image-gallery .gallery.gallery-columns-2 .gallery-item,.elementor-image-gallery .gallery.gallery-columns-3 .gallery-item,.elementor-image-gallery .gallery.gallery-columns-4 .gallery-item,.elementor-image-gallery .gallery.gallery-columns-5 .gallery-item,.elementor-image-gallery .gallery.gallery-columns-6 .gallery-item,.elementor-image-gallery .gallery.gallery-columns-7 .gallery-item,.elementor-image-gallery .gallery.gallery-columns-8 .gallery-item,.elementor-image-gallery .gallery.gallery-columns-9 .gallery-item,.elementor-image-gallery .gallery.gallery-columns-10 .gallery-item{max-width:50%}}@media (max-width:479px){.elementor-image-gallery .gallery.gallery-columns-2 .gallery-item,.elementor-image-gallery .gallery.gallery-columns-3 .gallery-item,.elementor-image-gallery .gallery.gallery-columns-4 .gallery-item,.elementor-image-gallery .gallery.gallery-columns-5 .gallery-item,.elementor-image-gallery .gallery.gallery-columns-6 .gallery-item,.elementor-image-gallery .gallery.gallery-columns-7 .gallery-item,.elementor-image-gallery .gallery.gallery-columns-8 .gallery-item,.elementor-image-gallery .gallery.gallery-columns-9 .gallery-item,.elementor-image-gallery .gallery.gallery-columns-10 .gallery-item{max-width:100%}}<\/style>\t\t<div class=\"elementor-image-gallery\">\n\t\t\t\n\t\t<style type=\"text\/css\">\n\t\t\t#gallery-1 {\n\t\t\t\tmargin: auto;\n\t\t\t}\n\t\t\t#gallery-1 .gallery-item {\n\t\t\t\tfloat: left;\n\t\t\t\tmargin-top: 10px;\n\t\t\t\ttext-align: center;\n\t\t\t\twidth: 25%;\n\t\t\t}\n\t\t\t#gallery-1 img {\n\t\t\t\tborder: 2px solid #cfcfcf;\n\t\t\t}\n\t\t\t#gallery-1 .gallery-caption {\n\t\t\t\tmargin-left: 0;\n\t\t\t}\n\t\t\t\/* see gallery_shortcode() in wp-includes\/media.php *\/\n\t\t<\/style>\n\t\t<div id='gallery-1' class='gallery galleryid-592 gallery-columns-4 gallery-size-thumbnail'><dl class='gallery-item'>\n\t\t\t<dt class='gallery-icon landscape'>\n\t\t\t\t<a data-elementor-open-lightbox=\"yes\" data-elementor-lightbox-slideshow=\"b1ed110\" data-elementor-lightbox-title=\"4\" href='https:\/\/ulubeymuhendislik.com\/wp-content\/uploads\/2022\/01\/4.jpg'><img width=\"150\" height=\"150\" src=\"https:\/\/ulubeymuhendislik.com\/wp-content\/uploads\/2022\/01\/4-150x150.jpg\" class=\"attachment-thumbnail size-thumbnail\" alt=\"\" loading=\"lazy\" \/><\/a>\n\t\t\t<\/dt><\/dl><dl class='gallery-item'>\n\t\t\t<dt class='gallery-icon landscape'>\n\t\t\t\t<a data-elementor-open-lightbox=\"yes\" data-elementor-lightbox-slideshow=\"b1ed110\" data-elementor-lightbox-title=\"8\" href='https:\/\/ulubeymuhendislik.com\/wp-content\/uploads\/2022\/01\/8.jpeg'><img width=\"150\" height=\"150\" src=\"https:\/\/ulubeymuhendislik.com\/wp-content\/uploads\/2022\/01\/8-150x150.jpeg\" class=\"attachment-thumbnail size-thumbnail\" alt=\"\" loading=\"lazy\" \/><\/a>\n\t\t\t<\/dt><\/dl><dl class='gallery-item'>\n\t\t\t<dt class='gallery-icon portrait'>\n\t\t\t\t<a data-elementor-open-lightbox=\"yes\" data-elementor-lightbox-slideshow=\"b1ed110\" data-elementor-lightbox-title=\"11\" href='https:\/\/ulubeymuhendislik.com\/wp-content\/uploads\/2022\/01\/11.jpg'><img width=\"150\" height=\"150\" src=\"https:\/\/ulubeymuhendislik.com\/wp-content\/uploads\/2022\/01\/11-150x150.jpg\" class=\"attachment-thumbnail size-thumbnail\" alt=\"\" loading=\"lazy\" \/><\/a>\n\t\t\t<\/dt><\/dl><dl class='gallery-item'>\n\t\t\t<dt class='gallery-icon portrait'>\n\t\t\t\t<a data-elementor-open-lightbox=\"yes\" data-elementor-lightbox-slideshow=\"b1ed110\" data-elementor-lightbox-title=\"20170727_162505\" href='https:\/\/ulubeymuhendislik.com\/wp-content\/uploads\/2022\/01\/20170727_162505-scaled-e1646220935442.jpg'><img width=\"150\" height=\"150\" src=\"https:\/\/ulubeymuhendislik.com\/wp-content\/uploads\/2022\/01\/20170727_162505-scaled-e1646220935442-150x150.jpg\" class=\"attachment-thumbnail size-thumbnail\" alt=\"\" loading=\"lazy\" \/><\/a>\n\t\t\t<\/dt><\/dl><br style=\"clear: both\" \/><dl class='gallery-item'>\n\t\t\t<dt class='gallery-icon portrait'>\n\t\t\t\t<a data-elementor-open-lightbox=\"yes\" data-elementor-lightbox-slideshow=\"b1ed110\" data-elementor-lightbox-title=\"20170727_163218\" href='https:\/\/ulubeymuhendislik.com\/wp-content\/uploads\/2022\/01\/20170727_163218-scaled.jpg'><img width=\"150\" height=\"150\" src=\"https:\/\/ulubeymuhendislik.com\/wp-content\/uploads\/2022\/01\/20170727_163218-150x150.jpg\" class=\"attachment-thumbnail size-thumbnail\" alt=\"\" loading=\"lazy\" \/><\/a>\n\t\t\t<\/dt><\/dl><dl class='gallery-item'>\n\t\t\t<dt class='gallery-icon portrait'>\n\t\t\t\t<a data-elementor-open-lightbox=\"yes\" data-elementor-lightbox-slideshow=\"b1ed110\" data-elementor-lightbox-title=\"20170727_173654\" href='https:\/\/ulubeymuhendislik.com\/wp-content\/uploads\/2022\/01\/20170727_173654-scaled.jpg'><img width=\"150\" height=\"150\" src=\"https:\/\/ulubeymuhendislik.com\/wp-content\/uploads\/2022\/01\/20170727_173654-150x150.jpg\" class=\"attachment-thumbnail size-thumbnail\" alt=\"\" loading=\"lazy\" \/><\/a>\n\t\t\t<\/dt><\/dl><dl class='gallery-item'>\n\t\t\t<dt class='gallery-icon portrait'>\n\t\t\t\t<a data-elementor-open-lightbox=\"yes\" data-elementor-lightbox-slideshow=\"b1ed110\" data-elementor-lightbox-title=\"20171006_114757\" href='https:\/\/ulubeymuhendislik.com\/wp-content\/uploads\/2022\/01\/20171006_114757-scaled.jpg'><img width=\"150\" height=\"150\" src=\"https:\/\/ulubeymuhendislik.com\/wp-content\/uploads\/2022\/01\/20171006_114757-150x150.jpg\" class=\"attachment-thumbnail size-thumbnail\" alt=\"\" loading=\"lazy\" \/><\/a>\n\t\t\t<\/dt><\/dl><dl class='gallery-item'>\n\t\t\t<dt class='gallery-icon portrait'>\n\t\t\t\t<a data-elementor-open-lightbox=\"yes\" data-elementor-lightbox-slideshow=\"b1ed110\" data-elementor-lightbox-title=\"20171006_115426\" href='https:\/\/ulubeymuhendislik.com\/wp-content\/uploads\/2022\/01\/20171006_115426-scaled.jpg'><img width=\"150\" height=\"150\" src=\"https:\/\/ulubeymuhendislik.com\/wp-content\/uploads\/2022\/01\/20171006_115426-150x150.jpg\" class=\"attachment-thumbnail size-thumbnail\" alt=\"\" loading=\"lazy\" \/><\/a>\n\t\t\t<\/dt><\/dl><br style=\"clear: both\" \/><dl class='gallery-item'>\n\t\t\t<dt class='gallery-icon landscape'>\n\t\t\t\t<a data-elementor-open-lightbox=\"yes\" data-elementor-lightbox-slideshow=\"b1ed110\" data-elementor-lightbox-title=\"A10A6113\" href='https:\/\/ulubeymuhendislik.com\/wp-content\/uploads\/2022\/01\/A10A6113-scaled.jpg'><img width=\"150\" height=\"150\" src=\"https:\/\/ulubeymuhendislik.com\/wp-content\/uploads\/2022\/01\/A10A6113-150x150.jpg\" class=\"attachment-thumbnail size-thumbnail\" alt=\"\" loading=\"lazy\" \/><\/a>\n\t\t\t<\/dt><\/dl><dl class='gallery-item'>\n\t\t\t<dt class='gallery-icon landscape'>\n\t\t\t\t<a data-elementor-open-lightbox=\"yes\" data-elementor-lightbox-slideshow=\"b1ed110\" data-elementor-lightbox-title=\"DCIM100MEDIADJI_0001.JPG\" href='https:\/\/ulubeymuhendislik.com\/wp-content\/uploads\/2022\/01\/DJI_0001-scaled.jpg'><img width=\"150\" height=\"150\" src=\"https:\/\/ulubeymuhendislik.com\/wp-content\/uploads\/2022\/01\/DJI_0001-150x150.jpg\" class=\"attachment-thumbnail size-thumbnail\" alt=\"\" loading=\"lazy\" \/><\/a>\n\t\t\t<\/dt><\/dl><dl class='gallery-item'>\n\t\t\t<dt class='gallery-icon portrait'>\n\t\t\t\t<a data-elementor-open-lightbox=\"yes\" data-elementor-lightbox-slideshow=\"b1ed110\" data-elementor-lightbox-title=\"IMG-20170818-WA0011\" href='https:\/\/ulubeymuhendislik.com\/wp-content\/uploads\/2022\/01\/IMG-20170818-WA0011.jpg'><img width=\"150\" height=\"150\" src=\"https:\/\/ulubeymuhendislik.com\/wp-content\/uploads\/2022\/01\/IMG-20170818-WA0011-150x150.jpg\" class=\"attachment-thumbnail size-thumbnail\" alt=\"\" loading=\"lazy\" \/><\/a>\n\t\t\t<\/dt><\/dl><dl class='gallery-item'>\n\t\t\t<dt class='gallery-icon portrait'>\n\t\t\t\t<a data-elementor-open-lightbox=\"yes\" data-elementor-lightbox-slideshow=\"b1ed110\" data-elementor-lightbox-title=\"IMG-20170818-WA0015\" href='https:\/\/ulubeymuhendislik.com\/wp-content\/uploads\/2022\/01\/IMG-20170818-WA0015.jpg'><img width=\"150\" height=\"150\" src=\"https:\/\/ulubeymuhendislik.com\/wp-content\/uploads\/2022\/01\/IMG-20170818-WA0015-150x150.jpg\" class=\"attachment-thumbnail size-thumbnail\" alt=\"\" loading=\"lazy\" \/><\/a>\n\t\t\t<\/dt><\/dl><br style=\"clear: both\" \/>\n\t\t<\/div>\n\t\t<\/div>\n\t\t\t\t<\/div>\n\t\t\t\t<\/div>\n\t\t\t\t\t<\/div>\n\t\t<\/div>\n\t\t\t\t\t\t\t<\/div>\n\t\t<\/section>\n\t\t\t\t<section class=\"elementor-section elementor-top-section elementor-element elementor-element-cb95001 elementor-section-full_width elementor-section-stretched elementor-section-height-default elementor-section-height-default\" data-id=\"cb95001\" data-element_type=\"section\" data-settings=\"{&quot;stretch_section&quot;:&quot;section-stretched&quot;}\">\n\t\t\t\t\t\t<div class=\"elementor-container elementor-column-gap-no\">\n\t\t\t\t\t<div class=\"elementor-column elementor-col-100 elementor-top-column elementor-element elementor-element-4be1123\" data-id=\"4be1123\" data-element_type=\"column\">\n\t\t\t<div class=\"elementor-widget-wrap elementor-element-populated\">\n\t\t\t\t\t\t\t\t<div class=\"elementor-element elementor-element-e8de92d elementor-widget elementor-widget-footer-cta\" data-id=\"e8de92d\" data-element_type=\"widget\" data-widget_type=\"footer-cta.default\">\n\t\t\t\t<div class=\"elementor-widget-container\">\n\t\t\t\t\n\t<section>\n\t\t<div class=\"w-100 position-relative\">\n\t\t\t<div class=\"container\">\n\t\t\t\t<div class=\"getin-touch-wrap overlap-99 brd-rd5 style2 thm-layer opc8 w-100 overflow-hidden position-relative\">\n\t\t\t\t\t\t\t\t\t\t\t<div class=\"fixed-bg\" style=\"background-image: url(https:\/\/ulubeymuhendislik.com\/wp-content\/uploads\/2022\/01\/Adsiz-tasarim.png);\"><\/div>\n\t\t\t\t\t\t\t\t\t\t<div class=\"row align-items-center justify-content-between\">\n\t\t\t\t\t\t<div class=\"col-md-7 col-sm-12 col-lg-5\">\n\t\t\t\t\t\t\t<div class=\"getin-touch-title w-100\">\n\t\t\t\t\t\t\t\t\t\t\t\t\t\t\t\t\t<span class=\"text-color1 d-block\">Ulubey M\u00fchendislik<\/span>\n\t\t\t\t\t\t\t\t\t\t\t\t\t\t\t\t<h2 class=\"mb-0\">Bizimle \u0130leti\u015fime Ge\u00e7in<\/h2>\t\t\t\t\t\t\t<\/div>\n\t\t\t\t\t\t<\/div>\n\t\t\t\t\t\t<div class=\"col-md-5 col-sm-12 col-lg-4\">\n\t\t\t\t\t\t\t\t\t\t\t\t\t\t\t<div class=\"getin-touch-btn text-right\">\n\t\t\t\t\t\t\t\t\t<a class=\"thm-btn bg-color1\" href=\"https:\/\/ulubeymuhendislik.com\/?page_id=436\" title=\"\">\u0130leti\u015fim<i class=\"flaticon-arrow-pointing-to-right\"><\/i><\/a>\n\t\t\t\t\t\t\t\t<\/div>\n\t\t\t\t\t\t\t\t\t\t\t\t\t<\/div>\n\t\t\t\t\t<\/div>\n\t\t\t\t<\/div>\n\t\t\t<\/div>\n\t\t<\/div>\n\t<\/section>\n\n    \t\t<\/div>\n\t\t\t\t<\/div>\n\t\t\t\t\t<\/div>\n\t\t<\/div>\n\t\t\t\t\t\t\t<\/div>\n\t\t<\/section>\n\t\t\t\t\t\t<\/div>\n\t\t\t\t\t<\/div>\n\t\t","protected":false},"excerpt":{"rendered":"<p>\/*! elementor &#8211; v3.5.4 &#8211; 23-01-2022 *\/ .elementor-image-gallery .gallery-item{display:inline-block;text-align:center;vertical-align:top;width:100%;max-width:100%;margin:0 auto}.elementor-image-gallery .gallery-item img{margin:0 auto}.elementor-image-gallery .gallery-item .gallery-caption{margin:0}.elementor-image-gallery figure img{display:block}.elementor-image-gallery figure figcaption{width:100%}.gallery-spacing-custom .elementor-image-gallery .gallery-icon{padding:0}@media (min-width:768px){.elementor-image-gallery .gallery-columns-2 .gallery-item{max-width:50%}.elementor-image-gallery .gallery-columns-3 .gallery-item{max-width:33.33%}.elementor-image-gallery .gallery-columns-4 .gallery-item{max-width:25%}.elementor-image-gallery .gallery-columns-5 .gallery-item{max-width:20%}.elementor-image-gallery .gallery-columns-6 .gallery-item{max-width:16.666%}.elementor-image-gallery .gallery-columns-7 .gallery-item{max-width:14.28%}.elementor-image-gallery .gallery-columns-8 .gallery-item{max-width:12.5%}.elementor-image-gallery .gallery-columns-9 .gallery-item{max-width:11.11%}.elementor-image-gallery .gallery-columns-10 .gallery-item{max-width:10%}}@media (min-width:480px) and (max-width:767px){.elementor-image-gallery .gallery.gallery-columns-2 .gallery-item,.elementor-image-gallery .gallery.gallery-columns-3 .gallery-item,.elementor-image-gallery .gallery.gallery-columns-4 .gallery-item,.elementor-image-gallery .gallery.gallery-columns-5 [&hellip;]<\/p>\n","protected":false},"author":1,"featured_media":0,"parent":0,"menu_order":0,"comment_status":"closed","ping_status":"closed","template":"","meta":[],"_links":{"self":[{"href":"https:\/\/ulubeymuhendislik.com\/index.php?rest_route=\/wp\/v2\/pages\/592"}],"collection":[{"href":"https:\/\/ulubeymuhendislik.com\/index.php?rest_route=\/wp\/v2\/pages"}],"about":[{"href":"https:\/\/ulubeymuhendislik.com\/index.php?rest_route=\/wp\/v2\/types\/page"}],"author":[{"embeddable":true,"href":"https:\/\/ulubeymuhendislik.com\/index.php?rest_route=\/wp\/v2\/users\/1"}],"replies":[{"embeddable":true,"href":"https:\/\/ulubeymuhendislik.com\/index.php?rest_route=%2Fwp%2Fv2%2Fcomments&post=592"}],"version-history":[{"count":14,"href":"https:\/\/ulubeymuhendislik.com\/index.php?rest_route=\/wp\/v2\/pages\/592\/revisions"}],"predecessor-version":[{"id":1654,"href":"https:\/\/ulubeymuhendislik.com\/index.php?rest_route=\/wp\/v2\/pages\/592\/revisions\/1654"}],"wp:attachment":[{"href":"https:\/\/ulubeymuhendislik.com\/index.php?rest_route=%2Fwp%2Fv2%2Fmedia&parent=592"}],"curies":[{"name":"wp","href":"https:\/\/api.w.org\/{rel}","templated":true}]}}